{"id":738,"date":"2023-08-22T12:50:50","date_gmt":"2023-08-22T12:50:50","guid":{"rendered":"https:\/\/opgw.de\/?page_id=738"},"modified":"2026-01-18T10:59:54","modified_gmt":"2026-01-18T10:59:54","slug":"edouard-manet","status":"publish","type":"page","link":"https:\/\/artgedeck.de\/fr\/edouard-manet\/","title":{"rendered":"Edouard Manet"},"content":{"rendered":"[et_pb_section fb_built=&#8220;1&#8243; fullwidth=&#8220;on&#8220; _builder_version=&#8220;4.22.0&#8243; _module_preset=&#8220;default&#8220; background_image=&#8220;https:\/\/artgedeck.de\/wp-content\/uploads\/2023\/07\/werkstatt-18-1.jpeg&#8220; global_module=&#8220;1699&#8243; saved_tabs=&#8220;all&#8220; global_colors_info=&#8220;{}&#8220;][et_pb_fullwidth_slider _builder_version=&#8220;4.22.0&#8243; _module_preset=&#8220;default&#8220; global_colors_info=&#8220;{}&#8220;][et_pb_slide _builder_version=&#8220;4.22.0&#8243; _module_preset=&#8220;default&#8220; background_image=&#8220;https:\/\/artgedeck.de\/wp-content\/uploads\/2023\/07\/startbild_Gallerie_1.jpg&#8220; background_enable_image=&#8220;on&#8220; global_colors_info=&#8220;{}&#8220; sticky_transition=&#8220;on&#8220;][\/et_pb_slide][et_pb_slide _builder_version=&#8220;4.22.0&#8243; _module_preset=&#8220;default&#8220; background_image=&#8220;https:\/\/artgedeck.de\/wp-content\/uploads\/2023\/07\/werkstatt-10-1.jpeg&#8220; background_enable_image=&#8220;on&#8220; global_colors_info=&#8220;{}&#8220; sticky_transition=&#8220;on&#8220;][\/et_pb_slide][et_pb_slide _builder_version=&#8220;4.22.0&#8243; _module_preset=&#8220;default&#8220; background_image=&#8220;https:\/\/artgedeck.de\/wp-content\/uploads\/2023\/07\/werkstatt-13-1.jpeg&#8220; background_enable_image=&#8220;on&#8220; global_colors_info=&#8220;{}&#8220; sticky_transition=&#8220;on&#8220;][\/et_pb_slide][et_pb_slide _builder_version=&#8220;4.22.0&#8243; _module_preset=&#8220;default&#8220; background_image=&#8220;https:\/\/artgedeck.de\/wp-content\/uploads\/2023\/07\/werkstatt-7.jpeg&#8220; background_enable_image=&#8220;on&#8220; global_colors_info=&#8220;{}&#8220; sticky_transition=&#8220;on&#8220;][\/et_pb_slide][\/et_pb_fullwidth_slider][\/et_pb_section][et_pb_section fb_built=&#8220;1&#8243; admin_label=&#8220;About&#8220; _builder_version=&#8220;4.21.0&#8243; custom_padding=&#8220;10px||||false|false&#8220; custom_width_px__hover=&#8220;1080px&#8220; custom_width_px__hover_enabled=&#8220;1080px&#8220; custom_width_percent__hover=&#8220;80%&#8220; custom_width_percent__hover_enabled=&#8220;80%&#8220; global_colors_info=&#8220;{}&#8220; parallax_1__hover=&#8220;off&#8220; parallax_1__hover_enabled=&#8220;off&#8220; parallax_2__hover=&#8220;off&#8220; parallax_2__hover_enabled=&#8220;off&#8220; parallax_3__hover=&#8220;off&#8220; parallax_3__hover_enabled=&#8220;off&#8220; parallax_method_1__hover=&#8220;on&#8220; parallax_method_1__hover_enabled=&#8220;on&#8220; parallax_method_2__hover=&#8220;on&#8220; parallax_method_2__hover_enabled=&#8220;on&#8220; parallax_method_3__hover=&#8220;on&#8220; parallax_method_3__hover_enabled=&#8220;on&#8220; use_background_color_gradient__hover=&#8220;off&#8220; use_background_color_gradient__hover_enabled=&#8220;off&#8220; background_color_gradient_start__hover=&#8220;#2b87da&#8220; background_color_gradient_start__hover_enabled=&#8220;#2b87da&#8220; background_color_gradient_end__hover=&#8220;#29c4a9&#8243; background_color_gradient_end__hover_enabled=&#8220;#29c4a9&#8243; background_color_gradient_type__hover=&#8220;linear&#8220; background_color_gradient_type__hover_enabled=&#8220;linear&#8220; background_color_gradient_direction__hover=&#8220;180deg&#8220; background_color_gradient_direction__hover_enabled=&#8220;180deg&#8220; background_color_gradient_direction_radial__hover=&#8220;center&#8220; background_color_gradient_direction_radial__hover_enabled=&#8220;center&#8220; background_color_gradient_start_position__hover=&#8220;0%&#8220; background_color_gradient_start_position__hover_enabled=&#8220;0%&#8220; background_color_gradient_end_position__hover=&#8220;100%&#8220; background_color_gradient_end_position__hover_enabled=&#8220;100%&#8220; background_color_gradient_overlays_image__hover=&#8220;off&#8220; background_color_gradient_overlays_image__hover_enabled=&#8220;off&#8220; allow_player_pause__hover=&#8220;off&#8220; allow_player_pause__hover_enabled=&#8220;off&#8220; background_video_pause_outside_viewport__hover=&#8220;on&#8220; background_video_pause_outside_viewport__hover_enabled=&#8220;on&#8220; inner_shadow__hover=&#8220;off&#8220; inner_shadow__hover_enabled=&#8220;off&#8220; make_fullwidth__hover=&#8220;off&#8220; make_fullwidth__hover_enabled=&#8220;off&#8220; use_custom_width__hover=&#8220;off&#8220; use_custom_width__hover_enabled=&#8220;off&#8220; width_unit__hover=&#8220;on&#8220; width_unit__hover_enabled=&#8220;on&#8220; make_equal__hover=&#8220;off&#8220; make_equal__hover_enabled=&#8220;off&#8220; use_custom_gutter__hover=&#8220;off&#8220; use_custom_gutter__hover_enabled=&#8220;off&#8220; border_radii__hover=&#8220;on||||&#8220; border_radii__hover_enabled=&#8220;on||||&#8220; box_shadow_style__hover=&#8220;none&#8220; box_shadow_style__hover_enabled=&#8220;none&#8220; box_shadow_color__hover=&#8220;rgba(0,0,0,0.3)&#8220; box_shadow_color__hover_enabled=&#8220;rgba(0,0,0,0.3)&#8220; max_width__hover=&#8220;100%&#8220; max_width__hover_enabled=&#8220;100%&#8220; filter_hue_rotate__hover=&#8220;0deg&#8220; filter_hue_rotate__hover_enabled=&#8220;0deg&#8220; filter_saturate__hover=&#8220;100%&#8220; filter_saturate__hover_enabled=&#8220;100%&#8220; filter_brightness__hover=&#8220;100%&#8220; filter_brightness__hover_enabled=&#8220;100%&#8220; filter_contrast__hover=&#8220;100%&#8220; filter_contrast__hover_enabled=&#8220;100%&#8220; filter_invert__hover=&#8220;0%&#8220; filter_invert__hover_enabled=&#8220;0%&#8220; filter_sepia__hover=&#8220;0%&#8220; filter_sepia__hover_enabled=&#8220;0%&#8220; filter_opacity__hover=&#8220;100%&#8220; filter_opacity__hover_enabled=&#8220;100%&#8220; filter_blur__hover=&#8220;0px&#8220; filter_blur__hover_enabled=&#8220;0px&#8220; mix_blend_mode__hover=&#8220;normal&#8220; mix_blend_mode__hover_enabled=&#8220;normal&#8220; animation_style__hover=&#8220;none&#8220; animation_style__hover_enabled=&#8220;none&#8220; animation_repeat__hover=&#8220;once&#8220; animation_repeat__hover_enabled=&#8220;once&#8220; animation_direction__hover=&#8220;center&#8220; animation_direction__hover_enabled=&#8220;center&#8220; animation_duration__hover=&#8220;1000ms&#8220; animation_duration__hover_enabled=&#8220;1000ms&#8220; animation_delay__hover=&#8220;0ms&#8220; animation_delay__hover_enabled=&#8220;0ms&#8220; animation_intensity_slide__hover=&#8220;50%&#8220; animation_intensity_slide__hover_enabled=&#8220;50%&#8220; animation_intensity_zoom__hover=&#8220;50%&#8220; animation_intensity_zoom__hover_enabled=&#8220;50%&#8220; animation_intensity_flip__hover=&#8220;50%&#8220; animation_intensity_flip__hover_enabled=&#8220;50%&#8220; animation_intensity_fold__hover=&#8220;50%&#8220; animation_intensity_fold__hover_enabled=&#8220;50%&#8220; animation_intensity_roll__hover=&#8220;50%&#8220; animation_intensity_roll__hover_enabled=&#8220;50%&#8220; animation_starting_opacity__hover=&#8220;0%&#8220; animation_starting_opacity__hover_enabled=&#8220;0%&#8220; animation_speed_curve__hover=&#8220;ease-in-out&#8220; animation_speed_curve__hover_enabled=&#8220;ease-in-out&#8220; hover_transition_duration__hover=&#8220;300ms&#8220; hover_transition_duration__hover_enabled=&#8220;300ms&#8220; hover_transition_delay__hover=&#8220;0ms&#8220; hover_transition_delay__hover_enabled=&#8220;0ms&#8220; hover_transition_speed_curve__hover=&#8220;ease&#8220; hover_transition_speed_curve__hover_enabled=&#8220;ease&#8220; parallax__hover=&#8220;off&#8220; parallax__hover_enabled=&#8220;off&#8220; parallax_method__hover=&#8220;on&#8220; parallax_method__hover_enabled=&#8220;on&#8220; background_size__hover=&#8220;cover&#8220; background_size__hover_enabled=&#8220;cover&#8220; background_position__hover=&#8220;center&#8220; background_position__hover_enabled=&#8220;center&#8220; background_repeat__hover=&#8220;no-repeat&#8220; background_repeat__hover_enabled=&#8220;no-repeat&#8220; background_blend__hover=&#8220;normal&#8220; background_blend__hover_enabled=&#8220;normal&#8220; background_color_gradient_stops__hover=&#8220;#2b87da 0%|#29c4a9 100%&#8220;][et_pb_row _builder_version=&#8220;4.21.0&#8243; _module_preset=&#8220;default&#8220; custom_padding=&#8220;10px||0px||false|false&#8220; global_colors_info=&#8220;{}&#8220;][et_pb_column type=&#8220;4_4&#8243; _builder_version=&#8220;4.21.0&#8243; _module_preset=&#8220;default&#8220; global_colors_info=&#8220;{}&#8220;][et_pb_text _builder_version=&#8220;4.22.0&#8243; _module_preset=&#8220;default&#8220; header_line_height=&#8220;1.1em&#8220; background_color=&#8220;#e5e5e5&#8243; custom_margin=&#8220;10px||||false|false&#8220; custom_margin_tablet=&#8220;10px||||false|false&#8220; custom_margin_phone=&#8220;10px||||false|false&#8220; custom_margin_last_edited=&#8220;on|phone&#8220; custom_padding=&#8220;10px|10px||10px|false|false&#8220; text_font_size_phone=&#8220;14px&#8220; text_font_size_last_edited=&#8220;off|phone&#8220; header_font_tablet=&#8220;&#8220; header_font_phone=&#8220;|600|||||||&#8220; header_font_last_edited=&#8220;on|phone&#8220; header_font_size_tablet=&#8220;&#8220; header_font_size_phone=&#8220;22px&#8220; header_font_size_last_edited=&#8220;on|phone&#8220; global_colors_info=&#8220;{}&#8220;]<h1>En attendant selon \u00c9douard Manet<\/h1>[\/et_pb_text][\/et_pb_column][\/et_pb_row][et_pb_row _builder_version=&#8220;4.22.0&#8243; _module_preset=&#8220;default&#8220; global_colors_info=&#8220;{}&#8220;][et_pb_column type=&#8220;4_4&#8243; _builder_version=&#8220;4.22.0&#8243; _module_preset=&#8220;default&#8220; global_colors_info=&#8220;{}&#8220;][et_pb_image src=&#8220;https:\/\/artgedeck.de\/wp-content\/uploads\/2023\/10\/gerahmter_Manet700.jpg&#8220; alt=&#8220;Beim Warten nach Edouard Manet&#8220; title_text=&#8220;gerahmter_Manet700&#8243; align=&#8220;center&#8220; align_tablet=&#8220;center&#8220; align_phone=&#8220;center&#8220; align_last_edited=&#8220;on|desktop&#8220; _builder_version=&#8220;4.22.0&#8243; _module_preset=&#8220;default&#8220; width_tablet=&#8220;88%&#8220; width_phone=&#8220;auto&#8220; width_last_edited=&#8220;on|phone&#8220; max_width_tablet=&#8220;100%&#8220; max_width_phone=&#8220;none&#8220; max_width_last_edited=&#8220;on|phone&#8220; min_height_tablet=&#8220;287px&#8220; min_height_phone=&#8220;&#8220; min_height_last_edited=&#8220;on|tablet&#8220; height_tablet=&#8220;&#8220; height_phone=&#8220;&#8220; height_last_edited=&#8220;on|phone&#8220; max_height_tablet=&#8220;&#8220; max_height_phone=&#8220;&#8220; max_height_last_edited=&#8220;on|phone&#8220; custom_margin=&#8220;||||false|false&#8220; custom_padding=&#8220;||||false|false&#8220; custom_css_main_element=&#8220;padding: 25px;&#8220; border_color_all=&#8220;#E09900&#8243; border_style_all=&#8220;double&#8220; box_shadow_style=&#8220;preset2&#8243; box_shadow_blur=&#8220;4px&#8220; global_colors_info=&#8220;{}&#8220; custom_css_main_element_last_edited=&#8220;on|desktop&#8220; custom_css_main_element_tablet=&#8220;padding: 25px;&#8220; custom_css_main_element_phone=&#8220;padding: 25px;&#8220;][\/et_pb_image][\/et_pb_column][\/et_pb_row][et_pb_row _builder_version=&#8220;4.22.0&#8243; _module_preset=&#8220;default&#8220; global_colors_info=&#8220;{}&#8220;][et_pb_column type=&#8220;4_4&#8243; _builder_version=&#8220;4.22.0&#8243; _module_preset=&#8220;default&#8220; global_colors_info=&#8220;{}&#8220;][et_pb_text _builder_version=&#8220;4.22.0&#8243; _module_preset=&#8220;default&#8220; text_font=&#8220;Abhaya Libre||||||||&#8220; background_color=&#8220;#f9f9f9&#8243; width=&#8220;100%&#8220; width_tablet=&#8220;100%&#8220; width_phone=&#8220;100%&#8220; width_last_edited=&#8220;on|phone&#8220; max_width=&#8220;36%&#8220; max_width_tablet=&#8220;55%&#8220; max_width_phone=&#8220;100%&#8220; max_width_last_edited=&#8220;on|phone&#8220; module_alignment=&#8220;center&#8220; custom_margin=&#8220;10px||||false|false&#8220; custom_margin_tablet=&#8220;10px||||false|false&#8220; custom_margin_phone=&#8220;10px||||false|false&#8220; custom_margin_last_edited=&#8220;on|phone&#8220; custom_padding=&#8220;25px||3px|28px|false|false&#8220; header_font_tablet=&#8220;&#8220; header_font_phone=&#8220;|600|||||||&#8220; header_font_last_edited=&#8220;on|phone&#8220; border_width_all=&#8220;3px&#8220; border_color_all=&#8220;#0C71C3&#8243; box_shadow_style=&#8220;preset4&#8243; box_shadow_horizontal=&#8220;6px&#8220; box_shadow_vertical=&#8220;6px&#8220; box_shadow_blur=&#8220;4px&#8220; locked=&#8220;off&#8220; global_colors_info=&#8220;{}&#8220;]<h1>En attendant<\/h1>\n<h1>\u00a0 \u00a0 \u00a0 \u00a0selon \u00c9douard Manet<\/h1>\n<ul>\n<li>\n<h4>150 cm par 100 cm, format portrait<\/h4>\n<\/li>\n<li>\n<h4>Acrylique sur toile<\/h4>\n<\/li>\n<\/ul>[\/et_pb_text][\/et_pb_column][\/et_pb_row][et_pb_row column_structure=&#8220;1_2,1_2&#8243; _builder_version=&#8220;4.22.0&#8243; _module_preset=&#8220;default&#8220; global_colors_info=&#8220;{}&#8220;][et_pb_column type=&#8220;1_2&#8243; _builder_version=&#8220;4.22.0&#8243; _module_preset=&#8220;default&#8220; global_colors_info=&#8220;{}&#8220;][et_pb_text _builder_version=&#8220;4.23.1&#8243; _module_preset=&#8220;default&#8220; custom_margin=&#8220;|10px||10px|false|true&#8220; custom_padding=&#8220;0px||9px|||&#8220; hover_enabled=&#8220;0&#8243; global_colors_info=&#8220;{}&#8220; sticky_enabled=&#8220;0&#8243;]<p>Le tableau <strong><span style=\"text-decoration: underline;\"><span style=\"color: #333333;\"><a href=\"https:\/\/sammlung.staedelmuseum.de\/de\/werk\/die-krocketpartie\" target=\"_blank\" rel=\"noopener\" style=\"color: #333333; text-decoration: underline;\">La Partie de croquet<\/a><\/span><\/span><\/strong> m'a inspir\u00e9 \"En attendant \u00c9douard Manet\".<br \/>Nous regardons un endroit ombrag\u00e9 dans un jardin \u00e0 la v\u00e9g\u00e9tation luxuriante. C'est une journ\u00e9e ensoleill\u00e9e de d\u00e9but d'\u00e9t\u00e9. Une jeune femme au chapeau rouge et \u00e0 la robe blanche \u00e0 volants est assise sur une chaise de jardin noire. Un bouquet de tulipes jaune-rouge est pos\u00e9 sur une petite table devant elle.<br \/>La femme est assise pr\u00e8s d'une croix de chemin et s'est manifestement endormie.<br \/>\u00c0 qui sont destin\u00e9es les tulipes qui se trouvent devant elle ?<br \/>Il y a plusieurs possibilit\u00e9s :<br \/>Peut-\u00eatre qu'un admirateur est pass\u00e9 par l\u00e0. Il l'a trouv\u00e9e endormie. Aujourd'hui, il voulait se d\u00e9voiler \u00e0 elle. Mais le courage lui a manqu\u00e9<\/p>[\/et_pb_text][\/et_pb_column][et_pb_column type=&#8220;1_2&#8243; _builder_version=&#8220;4.22.0&#8243; _module_preset=&#8220;default&#8220; global_colors_info=&#8220;{}&#8220;][et_pb_text _builder_version=&#8220;4.23&#8243; _module_preset=&#8220;default&#8220; custom_margin=&#8220;|10px||10px|false|true&#8220; custom_margin_tablet=&#8220;|10px||10px|false|true&#8220; custom_margin_phone=&#8220;-38px||||false|true&#8220; custom_margin_last_edited=&#8220;on|desktop&#8220; custom_padding=&#8220;||||false|false&#8220; global_colors_info=&#8220;{}&#8220;]<p>s'est \u00e9loign\u00e9. Avec pr\u00e9caution, il a d\u00e9pos\u00e9 les fleurs sur la petite table. Il esp\u00e8re qu'elle sera contente quand elle se r\u00e9veillera. Il imagine sa t\u00eate lorsqu'elle d\u00e9couvrira les fleurs. Devinera-t-elle qu'elles sont de lui ?<br \/>Une autre possibilit\u00e9 est que la jeune femme offre les fleurs tout de suite. Elle est peut-\u00eatre arriv\u00e9e trop t\u00f4t et a d\u00e9couvert le bel endroit. Confortable et accueillant. Id\u00e9al pour se reposer un instant.<br \/>Mais ce ne sont que des sp\u00e9culations.<br \/>Ce que l'on voit clairement, c'est la vache qui s'est approch\u00e9e. Elle s'attaque avec d\u00e9lectation au bouquet. J'esp\u00e8re que la femme ne criera pas si elle se r\u00e9veille maintenant. Cela perturberait passablement la paix qui plane sur la sc\u00e8ne.<\/p>[\/et_pb_text][\/et_pb_column][\/et_pb_row][et_pb_row _builder_version=&#8220;4.22.0&#8243; _module_preset=&#8220;default&#8220; global_colors_info=&#8220;{}&#8220;][et_pb_column type=&#8220;4_4&#8243; _builder_version=&#8220;4.22.0&#8243; _module_preset=&#8220;default&#8220; global_colors_info=&#8220;{}&#8220;][et_pb_text _builder_version=&#8220;4.22.0&#8243; _module_preset=&#8220;default&#8220; background_color=&#8220;#e5e5e5&#8243; custom_padding=&#8220;6px|||5px|false|false&#8220; global_colors_info=&#8220;{}&#8220;]<h1><a href=\"https:\/\/artgedeck.de\/fr\/gallerie\/\"><span style=\"text-decoration: underline; color: #808080;\">Retourner \u00e0 la Galerie<\/span><\/a><\/h1>[\/et_pb_text][\/et_pb_column][\/et_pb_row][\/et_pb_section][et_pb_section fb_built=&#8220;1&#8243; _builder_version=&#8220;4.22.0&#8243; _module_preset=&#8220;default&#8220; background_color=&#8220;rgba(33,33,33,0.69)&#8220; global_module=&#8220;274&#8243; saved_tabs=&#8220;all&#8220; global_colors_info=&#8220;{}&#8220;][et_pb_row disabled_on=&#8220;off|off|off&#8220; _builder_version=&#8220;4.22.0&#8243; _module_preset=&#8220;default&#8220; custom_margin=&#8220;|auto||auto|false|false&#8220; custom_padding=&#8220;0px||0px||false|false&#8220; global_colors_info=&#8220;{}&#8220;][et_pb_column type=&#8220;4_4&#8243; _builder_version=&#8220;4.21.0&#8243; _module_preset=&#8220;default&#8220; global_colors_info=&#8220;{}&#8220;][et_pb_image src=&#8220;https:\/\/artgedeck.de\/wp-content\/uploads\/2023\/06\/logo_artgedeckfooter.png&#8220; alt=&#8220;ArtGedeck Mich\u00e9le Pinkernel&#8220; title_text=&#8220;Logo ArtGedeck Footer&#8220; align=&#8220;center&#8220; _builder_version=&#8220;4.22.0&#8243; _module_preset=&#8220;default&#8220; custom_margin=&#8220;|10px|||false|false&#8220; global_colors_info=&#8220;{}&#8220;][\/et_pb_image][et_pb_text _builder_version=&#8220;4.22.0&#8243; _module_preset=&#8220;default&#8220; custom_margin=&#8220;||||false|false&#8220; custom_padding=&#8220;||0px|||&#8220; global_colors_info=&#8220;{}&#8220;][\/et_pb_text][\/et_pb_column][\/et_pb_row][et_pb_row column_structure=&#8220;1_3,1_3,1_3&#8243; _builder_version=&#8220;4.21.0&#8243; _module_preset=&#8220;default&#8220; width=&#8220;30%&#8220; custom_padding=&#8220;|0px||||&#8220; global_colors_info=&#8220;{}&#8220;][et_pb_column type=&#8220;1_3&#8243; _builder_version=&#8220;4.21.0&#8243; _module_preset=&#8220;default&#8220; global_colors_info=&#8220;{}&#8220;][et_pb_text _builder_version=&#8220;4.22.0&#8243; _module_preset=&#8220;default&#8220; text_font=&#8220;|600|||||||&#8220; text_text_color=&#8220;#FFFFFF&#8220; text_orientation=&#8220;center&#8220; global_colors_info=&#8220;{}&#8220;]<p><a href=\"https:\/\/artgedeck.de\/fr\/impressum\/\" title=\"Mentions l\u00e9gales\">Mentions l\u00e9gales<\/a><\/p>[\/et_pb_text][\/et_pb_column][et_pb_column type=&#8220;1_3&#8243; _builder_version=&#8220;4.21.0&#8243; _module_preset=&#8220;default&#8220; custom_padding=&#8220;|0px||0px|false|false&#8220; global_colors_info=&#8220;{}&#8220;][et_pb_image src=&#8220;https:\/\/artgedeck.de\/wp-content\/uploads\/2023\/06\/melone_weiss.png&#8220; title_text=&#8220;melone_weiss&#8220; _builder_version=&#8220;4.21.0&#8243; _module_preset=&#8220;default&#8220; width=&#8220;41%&#8220; max_width=&#8220;100%&#8220; module_alignment=&#8220;center&#8220; custom_margin=&#8220;|0px||0px|false|false&#8220; custom_padding=&#8220;|0px||0px|false|false&#8220; global_colors_info=&#8220;{}&#8220;][\/et_pb_image][\/et_pb_column][et_pb_column type=&#8220;1_3&#8243; _builder_version=&#8220;4.21.0&#8243; _module_preset=&#8220;default&#8220; global_colors_info=&#8220;{}&#8220;][et_pb_text _builder_version=&#8220;4.21.0&#8243; _module_preset=&#8220;default&#8220; text_font=&#8220;|600|||||||&#8220; text_text_color=&#8220;#FFFFFF&#8220; text_orientation=&#8220;center&#8220; global_colors_info=&#8220;{}&#8220;]<p><a href=\"https:\/\/artgedeck.de\/fr\/datenschutz\/\" title=\"Confidentialit\u00e9\">Confidentialit\u00e9<\/a><\/p>[\/et_pb_text][\/et_pb_column][\/et_pb_row][et_pb_row _builder_version=&#8220;4.21.0&#8243; _module_preset=&#8220;default&#8220; custom_padding=&#8220;0px||0px||false|false&#8220; global_colors_info=&#8220;{}&#8220;][et_pb_column type=&#8220;4_4&#8243; _builder_version=&#8220;4.21.0&#8243; _module_preset=&#8220;default&#8220; global_colors_info=&#8220;{}&#8220;][et_pb_text _builder_version=&#8220;4.22.0&#8243; _module_preset=&#8220;default&#8220; text_text_color=&#8220;#FFFFFF&#8220; text_orientation=&#8220;center&#8220; global_colors_info=&#8220;{}&#8220;]<p><span>@2023 &#8211; ARTGEDECK, Mich\u00e8le Pinkernell<\/span><\/p>[\/et_pb_text][\/et_pb_column][\/et_pb_row][\/et_pb_section]","protected":false},"excerpt":{"rendered":"<p>Beim Warten nach \u00c9douard ManetBeim Warten \u00a0 \u00a0 \u00a0 \u00a0nach \u00c9douard Manet 150 cm mal 100 cm, Querformat Acryl auf Leinwand Das Bild Die Krocketpartie hat mich zu \u201eBeim Warten nach \u00c9douard Manet\u201c angeregt.Wir blicken auf einen schattigen Platz in einem \u00fcppig bepflanzten Garten. Es ist ein sonniger Fr\u00fchsommertag. Eine junge Frau mit rotem Hut [&hellip;]<\/p>","protected":false},"author":2,"featured_media":0,"parent":0,"menu_order":0,"comment_status":"closed","ping_status":"closed","template":"","meta":{"_et_pb_use_builder":"on","_et_pb_old_content":"","_et_gb_content_width":"","footnotes":""},"class_list":["post-738","page","type-page","status-publish","hentry"],"yoast_head":"<!-- This site is optimized with the Yoast SEO plugin v26.6 - https:\/\/yoast.com\/wordpress\/plugins\/seo\/ -->\n<title>\u00c8douard Manet von Pinky auf ARTGedeck<\/title>\n<meta name=\"description\" content=\"\u00c8douard Manet von Pinky auf ARTGedeck zeigt eine Kuh, die einen Blumenstrau\u00df frisst, Sie wollen wissen warum, dann klicken Sie hier!\" \/>\n<meta name=\"robots\" content=\"index, follow, max-snippet:-1, max-image-preview:large, max-video-preview:-1\" \/>\n<link rel=\"canonical\" href=\"https:\/\/artgedeck.de\/fr\/edouard-manet\/\" \/>\n<meta property=\"og:locale\" content=\"fr_FR\" \/>\n<meta property=\"og:type\" content=\"article\" \/>\n<meta property=\"og:title\" content=\"\u00c8douard Manet von Pinky auf ARTGedeck\" \/>\n<meta property=\"og:description\" content=\"\u00c8douard Manet von Pinky auf ARTGedeck zeigt eine Kuh, die einen Blumenstrau\u00df frisst, Sie wollen wissen warum, dann klicken Sie hier!\" \/>\n<meta property=\"og:url\" content=\"https:\/\/artgedeck.de\/fr\/edouard-manet\/\" \/>\n<meta property=\"og:site_name\" content=\"ARTGedeck\" \/>\n<meta property=\"article:modified_time\" content=\"2026-01-18T10:59:54+00:00\" \/>\n<meta name=\"twitter:card\" content=\"summary_large_image\" \/>\n<meta name=\"twitter:label1\" content=\"Dur\u00e9e de lecture estim\u00e9e\" \/>\n\t<meta name=\"twitter:data1\" content=\"3 minutes\" \/>\n<script type=\"application\/ld+json\" class=\"yoast-schema-graph\">{\"@context\":\"https:\/\/schema.org\",\"@graph\":[{\"@type\":\"WebPage\",\"@id\":\"https:\/\/artgedeck.de\/edouard-manet\/\",\"url\":\"https:\/\/artgedeck.de\/edouard-manet\/\",\"name\":\"\u00c8douard Manet von Pinky auf ARTGedeck\",\"isPartOf\":{\"@id\":\"https:\/\/artgedeck.de\/#website\"},\"datePublished\":\"2023-08-22T12:50:50+00:00\",\"dateModified\":\"2026-01-18T10:59:54+00:00\",\"description\":\"\u00c8douard Manet von Pinky auf ARTGedeck zeigt eine Kuh, die einen Blumenstrau\u00df frisst, Sie wollen wissen warum, dann klicken Sie hier!\",\"breadcrumb\":{\"@id\":\"https:\/\/artgedeck.de\/edouard-manet\/#breadcrumb\"},\"inLanguage\":\"fr-FR\",\"potentialAction\":[{\"@type\":\"ReadAction\",\"target\":[\"https:\/\/artgedeck.de\/edouard-manet\/\"]}]},{\"@type\":\"BreadcrumbList\",\"@id\":\"https:\/\/artgedeck.de\/edouard-manet\/#breadcrumb\",\"itemListElement\":[{\"@type\":\"ListItem\",\"position\":1,\"name\":\"Startseite\",\"item\":\"https:\/\/artgedeck.de\/de_de\/\"},{\"@type\":\"ListItem\",\"position\":2,\"name\":\"Edouard Manet\"}]},{\"@type\":\"WebSite\",\"@id\":\"https:\/\/artgedeck.de\/#website\",\"url\":\"https:\/\/artgedeck.de\/\",\"name\":\"ARTGedeck\",\"description\":\"\",\"potentialAction\":[{\"@type\":\"SearchAction\",\"target\":{\"@type\":\"EntryPoint\",\"urlTemplate\":\"https:\/\/artgedeck.de\/?s={search_term_string}\"},\"query-input\":{\"@type\":\"PropertyValueSpecification\",\"valueRequired\":true,\"valueName\":\"search_term_string\"}}],\"inLanguage\":\"fr-FR\"}]}<\/script>\n<!-- \/ Yoast SEO plugin. -->","yoast_head_json":{"title":"\u00c8douard Manet von Pinky auf ARTGedeck","description":"\u00c8douard Manet von Pinky auf ARTGedeck zeigt eine Kuh, die einen Blumenstrau\u00df frisst, Sie wollen wissen warum, dann klicken Sie hier!","robots":{"index":"index","follow":"follow","max-snippet":"max-snippet:-1","max-image-preview":"max-image-preview:large","max-video-preview":"max-video-preview:-1"},"canonical":"https:\/\/artgedeck.de\/fr\/edouard-manet\/","og_locale":"fr_FR","og_type":"article","og_title":"\u00c8douard Manet von Pinky auf ARTGedeck","og_description":"\u00c8douard Manet von Pinky auf ARTGedeck zeigt eine Kuh, die einen Blumenstrau\u00df frisst, Sie wollen wissen warum, dann klicken Sie hier!","og_url":"https:\/\/artgedeck.de\/fr\/edouard-manet\/","og_site_name":"ARTGedeck","article_modified_time":"2026-01-18T10:59:54+00:00","twitter_card":"summary_large_image","twitter_misc":{"Dur\u00e9e de lecture estim\u00e9e":"3 minutes"},"schema":{"@context":"https:\/\/schema.org","@graph":[{"@type":"WebPage","@id":"https:\/\/artgedeck.de\/edouard-manet\/","url":"https:\/\/artgedeck.de\/edouard-manet\/","name":"\u00c8douard Manet von Pinky auf ARTGedeck","isPartOf":{"@id":"https:\/\/artgedeck.de\/#website"},"datePublished":"2023-08-22T12:50:50+00:00","dateModified":"2026-01-18T10:59:54+00:00","description":"\u00c8douard Manet von Pinky auf ARTGedeck zeigt eine Kuh, die einen Blumenstrau\u00df frisst, Sie wollen wissen warum, dann klicken Sie hier!","breadcrumb":{"@id":"https:\/\/artgedeck.de\/edouard-manet\/#breadcrumb"},"inLanguage":"fr-FR","potentialAction":[{"@type":"ReadAction","target":["https:\/\/artgedeck.de\/edouard-manet\/"]}]},{"@type":"BreadcrumbList","@id":"https:\/\/artgedeck.de\/edouard-manet\/#breadcrumb","itemListElement":[{"@type":"ListItem","position":1,"name":"Startseite","item":"https:\/\/artgedeck.de\/de_de\/"},{"@type":"ListItem","position":2,"name":"Edouard Manet"}]},{"@type":"WebSite","@id":"https:\/\/artgedeck.de\/#website","url":"https:\/\/artgedeck.de\/","name":"ARTGedeck","description":"","potentialAction":[{"@type":"SearchAction","target":{"@type":"EntryPoint","urlTemplate":"https:\/\/artgedeck.de\/?s={search_term_string}"},"query-input":{"@type":"PropertyValueSpecification","valueRequired":true,"valueName":"search_term_string"}}],"inLanguage":"fr-FR"}]}},"_links":{"self":[{"href":"https:\/\/artgedeck.de\/fr\/wp-json\/wp\/v2\/pages\/738","targetHints":{"allow":["GET"]}}],"collection":[{"href":"https:\/\/artgedeck.de\/fr\/wp-json\/wp\/v2\/pages"}],"about":[{"href":"https:\/\/artgedeck.de\/fr\/wp-json\/wp\/v2\/types\/page"}],"author":[{"embeddable":true,"href":"https:\/\/artgedeck.de\/fr\/wp-json\/wp\/v2\/users\/2"}],"replies":[{"embeddable":true,"href":"https:\/\/artgedeck.de\/fr\/wp-json\/wp\/v2\/comments?post=738"}],"version-history":[{"count":19,"href":"https:\/\/artgedeck.de\/fr\/wp-json\/wp\/v2\/pages\/738\/revisions"}],"predecessor-version":[{"id":2729,"href":"https:\/\/artgedeck.de\/fr\/wp-json\/wp\/v2\/pages\/738\/revisions\/2729"}],"wp:attachment":[{"href":"https:\/\/artgedeck.de\/fr\/wp-json\/wp\/v2\/media?parent=738"}],"curies":[{"name":"wp","href":"https:\/\/api.w.org\/{rel}","templated":true}]}}