{"id":714,"date":"2023-08-22T12:10:02","date_gmt":"2023-08-22T12:10:02","guid":{"rendered":"https:\/\/opgw.de\/?page_id=714"},"modified":"2026-01-18T11:03:56","modified_gmt":"2026-01-18T11:03:56","slug":"georgia-okeeffe","status":"publish","type":"page","link":"https:\/\/artgedeck.de\/fr\/georgia-okeeffe\/","title":{"rendered":"Georgia O&#8217;Keeffe"},"content":{"rendered":"[et_pb_section fb_built=&#8220;1&#8243; fullwidth=&#8220;on&#8220; _builder_version=&#8220;4.22.0&#8243; _module_preset=&#8220;default&#8220; background_image=&#8220;https:\/\/artgedeck.de\/wp-content\/uploads\/2023\/07\/werkstatt-18-1.jpeg&#8220; global_module=&#8220;1699&#8243; saved_tabs=&#8220;all&#8220; global_colors_info=&#8220;{}&#8220;][et_pb_fullwidth_slider _builder_version=&#8220;4.22.0&#8243; _module_preset=&#8220;default&#8220; global_colors_info=&#8220;{}&#8220;][et_pb_slide _builder_version=&#8220;4.22.0&#8243; _module_preset=&#8220;default&#8220; background_image=&#8220;https:\/\/artgedeck.de\/wp-content\/uploads\/2023\/07\/startbild_Gallerie_1.jpg&#8220; background_enable_image=&#8220;on&#8220; global_colors_info=&#8220;{}&#8220; sticky_transition=&#8220;on&#8220;][\/et_pb_slide][et_pb_slide _builder_version=&#8220;4.22.0&#8243; _module_preset=&#8220;default&#8220; background_image=&#8220;https:\/\/artgedeck.de\/wp-content\/uploads\/2023\/07\/werkstatt-10-1.jpeg&#8220; background_enable_image=&#8220;on&#8220; global_colors_info=&#8220;{}&#8220; sticky_transition=&#8220;on&#8220;][\/et_pb_slide][et_pb_slide _builder_version=&#8220;4.22.0&#8243; _module_preset=&#8220;default&#8220; background_image=&#8220;https:\/\/artgedeck.de\/wp-content\/uploads\/2023\/07\/werkstatt-13-1.jpeg&#8220; background_enable_image=&#8220;on&#8220; global_colors_info=&#8220;{}&#8220; sticky_transition=&#8220;on&#8220;][\/et_pb_slide][et_pb_slide _builder_version=&#8220;4.22.0&#8243; _module_preset=&#8220;default&#8220; background_image=&#8220;https:\/\/artgedeck.de\/wp-content\/uploads\/2023\/07\/werkstatt-7.jpeg&#8220; background_enable_image=&#8220;on&#8220; global_colors_info=&#8220;{}&#8220; sticky_transition=&#8220;on&#8220;][\/et_pb_slide][\/et_pb_fullwidth_slider][\/et_pb_section][et_pb_section fb_built=&#8220;1&#8243; admin_label=&#8220;About&#8220; _builder_version=&#8220;4.21.0&#8243; custom_padding=&#8220;10px||||false|false&#8220; custom_width_px__hover=&#8220;1080px&#8220; custom_width_px__hover_enabled=&#8220;1080px&#8220; custom_width_percent__hover=&#8220;80%&#8220; custom_width_percent__hover_enabled=&#8220;80%&#8220; global_colors_info=&#8220;{}&#8220; parallax_1__hover=&#8220;off&#8220; parallax_1__hover_enabled=&#8220;off&#8220; parallax_2__hover=&#8220;off&#8220; parallax_2__hover_enabled=&#8220;off&#8220; parallax_3__hover=&#8220;off&#8220; parallax_3__hover_enabled=&#8220;off&#8220; parallax_method_1__hover=&#8220;on&#8220; parallax_method_1__hover_enabled=&#8220;on&#8220; parallax_method_2__hover=&#8220;on&#8220; parallax_method_2__hover_enabled=&#8220;on&#8220; parallax_method_3__hover=&#8220;on&#8220; parallax_method_3__hover_enabled=&#8220;on&#8220; use_background_color_gradient__hover=&#8220;off&#8220; use_background_color_gradient__hover_enabled=&#8220;off&#8220; background_color_gradient_start__hover=&#8220;#2b87da&#8220; background_color_gradient_start__hover_enabled=&#8220;#2b87da&#8220; background_color_gradient_end__hover=&#8220;#29c4a9&#8243; background_color_gradient_end__hover_enabled=&#8220;#29c4a9&#8243; background_color_gradient_type__hover=&#8220;linear&#8220; background_color_gradient_type__hover_enabled=&#8220;linear&#8220; background_color_gradient_direction__hover=&#8220;180deg&#8220; background_color_gradient_direction__hover_enabled=&#8220;180deg&#8220; background_color_gradient_direction_radial__hover=&#8220;center&#8220; background_color_gradient_direction_radial__hover_enabled=&#8220;center&#8220; background_color_gradient_start_position__hover=&#8220;0%&#8220; background_color_gradient_start_position__hover_enabled=&#8220;0%&#8220; background_color_gradient_end_position__hover=&#8220;100%&#8220; background_color_gradient_end_position__hover_enabled=&#8220;100%&#8220; background_color_gradient_overlays_image__hover=&#8220;off&#8220; background_color_gradient_overlays_image__hover_enabled=&#8220;off&#8220; allow_player_pause__hover=&#8220;off&#8220; allow_player_pause__hover_enabled=&#8220;off&#8220; background_video_pause_outside_viewport__hover=&#8220;on&#8220; background_video_pause_outside_viewport__hover_enabled=&#8220;on&#8220; inner_shadow__hover=&#8220;off&#8220; inner_shadow__hover_enabled=&#8220;off&#8220; make_fullwidth__hover=&#8220;off&#8220; make_fullwidth__hover_enabled=&#8220;off&#8220; use_custom_width__hover=&#8220;off&#8220; use_custom_width__hover_enabled=&#8220;off&#8220; width_unit__hover=&#8220;on&#8220; width_unit__hover_enabled=&#8220;on&#8220; make_equal__hover=&#8220;off&#8220; make_equal__hover_enabled=&#8220;off&#8220; use_custom_gutter__hover=&#8220;off&#8220; use_custom_gutter__hover_enabled=&#8220;off&#8220; border_radii__hover=&#8220;on||||&#8220; border_radii__hover_enabled=&#8220;on||||&#8220; box_shadow_style__hover=&#8220;none&#8220; box_shadow_style__hover_enabled=&#8220;none&#8220; box_shadow_color__hover=&#8220;rgba(0,0,0,0.3)&#8220; box_shadow_color__hover_enabled=&#8220;rgba(0,0,0,0.3)&#8220; max_width__hover=&#8220;100%&#8220; max_width__hover_enabled=&#8220;100%&#8220; filter_hue_rotate__hover=&#8220;0deg&#8220; filter_hue_rotate__hover_enabled=&#8220;0deg&#8220; filter_saturate__hover=&#8220;100%&#8220; filter_saturate__hover_enabled=&#8220;100%&#8220; filter_brightness__hover=&#8220;100%&#8220; filter_brightness__hover_enabled=&#8220;100%&#8220; filter_contrast__hover=&#8220;100%&#8220; filter_contrast__hover_enabled=&#8220;100%&#8220; filter_invert__hover=&#8220;0%&#8220; filter_invert__hover_enabled=&#8220;0%&#8220; filter_sepia__hover=&#8220;0%&#8220; filter_sepia__hover_enabled=&#8220;0%&#8220; filter_opacity__hover=&#8220;100%&#8220; filter_opacity__hover_enabled=&#8220;100%&#8220; filter_blur__hover=&#8220;0px&#8220; filter_blur__hover_enabled=&#8220;0px&#8220; mix_blend_mode__hover=&#8220;normal&#8220; mix_blend_mode__hover_enabled=&#8220;normal&#8220; animation_style__hover=&#8220;none&#8220; animation_style__hover_enabled=&#8220;none&#8220; animation_repeat__hover=&#8220;once&#8220; animation_repeat__hover_enabled=&#8220;once&#8220; animation_direction__hover=&#8220;center&#8220; animation_direction__hover_enabled=&#8220;center&#8220; animation_duration__hover=&#8220;1000ms&#8220; animation_duration__hover_enabled=&#8220;1000ms&#8220; animation_delay__hover=&#8220;0ms&#8220; animation_delay__hover_enabled=&#8220;0ms&#8220; animation_intensity_slide__hover=&#8220;50%&#8220; animation_intensity_slide__hover_enabled=&#8220;50%&#8220; animation_intensity_zoom__hover=&#8220;50%&#8220; animation_intensity_zoom__hover_enabled=&#8220;50%&#8220; animation_intensity_flip__hover=&#8220;50%&#8220; animation_intensity_flip__hover_enabled=&#8220;50%&#8220; animation_intensity_fold__hover=&#8220;50%&#8220; animation_intensity_fold__hover_enabled=&#8220;50%&#8220; animation_intensity_roll__hover=&#8220;50%&#8220; animation_intensity_roll__hover_enabled=&#8220;50%&#8220; animation_starting_opacity__hover=&#8220;0%&#8220; animation_starting_opacity__hover_enabled=&#8220;0%&#8220; animation_speed_curve__hover=&#8220;ease-in-out&#8220; animation_speed_curve__hover_enabled=&#8220;ease-in-out&#8220; hover_transition_duration__hover=&#8220;300ms&#8220; hover_transition_duration__hover_enabled=&#8220;300ms&#8220; hover_transition_delay__hover=&#8220;0ms&#8220; hover_transition_delay__hover_enabled=&#8220;0ms&#8220; hover_transition_speed_curve__hover=&#8220;ease&#8220; hover_transition_speed_curve__hover_enabled=&#8220;ease&#8220; parallax__hover=&#8220;off&#8220; parallax__hover_enabled=&#8220;off&#8220; parallax_method__hover=&#8220;on&#8220; parallax_method__hover_enabled=&#8220;on&#8220; background_size__hover=&#8220;cover&#8220; background_size__hover_enabled=&#8220;cover&#8220; background_position__hover=&#8220;center&#8220; background_position__hover_enabled=&#8220;center&#8220; background_repeat__hover=&#8220;no-repeat&#8220; background_repeat__hover_enabled=&#8220;no-repeat&#8220; background_blend__hover=&#8220;normal&#8220; background_blend__hover_enabled=&#8220;normal&#8220; background_color_gradient_stops__hover=&#8220;#2b87da 0%|#29c4a9 100%&#8220;][et_pb_row _builder_version=&#8220;4.21.0&#8243; _module_preset=&#8220;default&#8220; custom_padding=&#8220;10px||0px||false|false&#8220; global_colors_info=&#8220;{}&#8220;][et_pb_column type=&#8220;4_4&#8243; _builder_version=&#8220;4.21.0&#8243; _module_preset=&#8220;default&#8220; global_colors_info=&#8220;{}&#8220;][et_pb_text _builder_version=&#8220;4.22.0&#8243; _module_preset=&#8220;default&#8220; header_line_height=&#8220;1.1em&#8220; background_color=&#8220;#e5e5e5&#8243; custom_margin=&#8220;10px||||false|false&#8220; custom_margin_tablet=&#8220;10px||||false|false&#8220; custom_margin_phone=&#8220;10px||||false|false&#8220; custom_margin_last_edited=&#8220;on|phone&#8220; custom_padding=&#8220;10px|10px||10px|false|false&#8220; text_font_size_phone=&#8220;14px&#8220; text_font_size_last_edited=&#8220;off|phone&#8220; header_font_tablet=&#8220;&#8220; header_font_phone=&#8220;|600|||||||&#8220; header_font_last_edited=&#8220;on|phone&#8220; header_font_size_tablet=&#8220;&#8220; header_font_size_phone=&#8220;22px&#8220; header_font_size_last_edited=&#8220;on|phone&#8220; global_colors_info=&#8220;{}&#8220;]<h1>Countryside Day selon Georgia O\u2019Keeffe<\/h1>[\/et_pb_text][\/et_pb_column][\/et_pb_row][et_pb_row _builder_version=&#8220;4.22.0&#8243; _module_preset=&#8220;default&#8220; global_colors_info=&#8220;{}&#8220;][et_pb_column type=&#8220;4_4&#8243; _builder_version=&#8220;4.22.0&#8243; _module_preset=&#8220;default&#8220; global_colors_info=&#8220;{}&#8220;][et_pb_image src=&#8220;https:\/\/artgedeck.de\/wp-content\/uploads\/2023\/10\/gerahmte_Keeffe700.jpg&#8220; alt=&#8220;Countryside Day nach Georgia O&#8217;Keeffe&#8220; title_text=&#8220;gerahmte_Keeffe700&#8243; align=&#8220;center&#8220; align_tablet=&#8220;center&#8220; align_phone=&#8220;center&#8220; align_last_edited=&#8220;on|desktop&#8220; _builder_version=&#8220;4.22.0&#8243; _module_preset=&#8220;default&#8220; width_tablet=&#8220;88%&#8220; width_phone=&#8220;auto&#8220; width_last_edited=&#8220;on|phone&#8220; max_width_tablet=&#8220;100%&#8220; max_width_phone=&#8220;none&#8220; max_width_last_edited=&#8220;on|phone&#8220; min_height_tablet=&#8220;498px&#8220; min_height_phone=&#8220;&#8220; min_height_last_edited=&#8220;on|desktop&#8220; height_tablet=&#8220;&#8220; height_phone=&#8220;&#8220; height_last_edited=&#8220;on|phone&#8220; max_height_tablet=&#8220;&#8220; max_height_phone=&#8220;&#8220; max_height_last_edited=&#8220;on|phone&#8220; custom_margin=&#8220;||||false|false&#8220; custom_padding=&#8220;||||false|false&#8220; custom_css_main_element=&#8220;padding: 25px;&#8220; border_color_all=&#8220;#0C71C3&#8243; border_style_all=&#8220;double&#8220; box_shadow_style=&#8220;preset2&#8243; box_shadow_blur=&#8220;4px&#8220; global_colors_info=&#8220;{}&#8220; custom_css_main_element_last_edited=&#8220;on|desktop&#8220; custom_css_main_element_tablet=&#8220;padding: 25px;&#8220; custom_css_main_element_phone=&#8220;padding: 25px;&#8220;][\/et_pb_image][\/et_pb_column][\/et_pb_row][et_pb_row _builder_version=&#8220;4.22.0&#8243; _module_preset=&#8220;default&#8220; global_colors_info=&#8220;{}&#8220;][et_pb_column type=&#8220;4_4&#8243; _builder_version=&#8220;4.22.0&#8243; _module_preset=&#8220;default&#8220; global_colors_info=&#8220;{}&#8220;][et_pb_text _builder_version=&#8220;4.22.0&#8243; _module_preset=&#8220;default&#8220; text_font=&#8220;Abhaya Libre||||||||&#8220; background_color=&#8220;#f9f9f9&#8243; width=&#8220;100%&#8220; width_tablet=&#8220;100%&#8220; width_phone=&#8220;100%&#8220; width_last_edited=&#8220;on|phone&#8220; max_width=&#8220;36%&#8220; max_width_tablet=&#8220;55%&#8220; max_width_phone=&#8220;100%&#8220; max_width_last_edited=&#8220;on|phone&#8220; module_alignment=&#8220;center&#8220; custom_margin=&#8220;10px||||false|false&#8220; custom_margin_tablet=&#8220;10px||||false|false&#8220; custom_margin_phone=&#8220;10px||||false|false&#8220; custom_margin_last_edited=&#8220;on|phone&#8220; custom_padding=&#8220;25px||3px|28px|false|false&#8220; header_font_tablet=&#8220;&#8220; header_font_phone=&#8220;|600|||||||&#8220; header_font_last_edited=&#8220;on|phone&#8220; border_width_all=&#8220;3px&#8220; border_color_all=&#8220;#0C71C3&#8243; box_shadow_style=&#8220;preset4&#8243; box_shadow_horizontal=&#8220;6px&#8220; box_shadow_vertical=&#8220;6px&#8220; box_shadow_blur=&#8220;4px&#8220; locked=&#8220;off&#8220; global_colors_info=&#8220;{}&#8220;]<h1>Countryside Day<\/h1>\n<h1>\u00a0 \u00a0 \u00a0 \u00a0selon Georgia O\u2019Keeffe<\/h1>\n<ul>\n<li>\n<h4>39,5 cm par 230 cm, format portrait<\/h4>\n<\/li>\n<li>\n<h4>Aquarelle sur papier<\/h4>\n<\/li>\n<\/ul>[\/et_pb_text][\/et_pb_column][\/et_pb_row][et_pb_row column_structure=&#8220;1_2,1_2&#8243; _builder_version=&#8220;4.22.0&#8243; _module_preset=&#8220;default&#8220; global_colors_info=&#8220;{}&#8220;][et_pb_column type=&#8220;1_2&#8243; _builder_version=&#8220;4.22.0&#8243; _module_preset=&#8220;default&#8220; global_colors_info=&#8220;{}&#8220;][et_pb_text _builder_version=&#8220;4.23.1&#8243; _module_preset=&#8220;default&#8220; custom_margin=&#8220;|10px||10px|false|true&#8220; custom_padding=&#8220;||9px|||&#8220; hover_enabled=&#8220;0&#8243; global_colors_info=&#8220;{}&#8220; sticky_enabled=&#8220;0&#8243;]<p class=\"translation-block\">Georgia O'Keeffe a peint un tableau intitul\u00e9 <strong><span style=\"text-decoration: underline\"><span style=\"color: #333333;text-decoration: underline\"><a href=\"https:\/\/collections.artsmia.org\/art\/2725\/city-night-georgia-okeeffe\" target=\"_blank\" rel=\"noopener\" style=\"color: #333333;text-decoration: underline\">City Night<\/a><\/span><\/span><\/strong>. On se tient la nuit entre des gratte-ciel sombres dans une grande ville et on regarde le ciel en se sentant petit comme un nain. Le tableau est en format vertical, les gratte-ciel s'inclinent les uns vers les autres. Cela provoque chez moi une certaine angoisse.<br> Mon tableau \"Countryside Day selon Georgia O'Keeffe\" est une aquarelle de vingt-neuf centim\u00e8tres sur trente-neuf, \u00e9galement en format vertical. J'ai choisi la m\u00eame perspective que Georgia O'Keeffe. Nous, les observateurs, sommes allong\u00e9s sur une prairie printani\u00e8re et regardons le ciel au-dessus de nous. Nous regardons d'en bas les pissenlits, le grand plantain et les brins d'herbe.<\/p>[\/et_pb_text][\/et_pb_column][et_pb_column type=&#8220;1_2&#8243; _builder_version=&#8220;4.22.0&#8243; _module_preset=&#8220;default&#8220; global_colors_info=&#8220;{}&#8220;][et_pb_text _builder_version=&#8220;4.23&#8243; _module_preset=&#8220;default&#8220; custom_margin=&#8220;|10px||10px|false|true&#8220; custom_margin_tablet=&#8220;|10px||10px|false|true&#8220; custom_margin_phone=&#8220;-38px||||false|true&#8220; custom_margin_last_edited=&#8220;on|desktop&#8220; custom_padding=&#8220;||||false|false&#8220; global_colors_info=&#8220;{}&#8220;]<p>Une vache s'est approch\u00e9e. Sa t\u00eate obstrue notre champ de vision. Elle ne nous per\u00e7oit pas. Elle observe quelque chose qui se trouve \u00e0 gauche, au-dessus du champ de vision. Ses oreilles d\u00e9passent largement de sa t\u00eate. De ce point de vue, elles ressemblent \u00e0 des ailes. D\u00e8s que la vache aura fini de regarder, elle mangera probablement les pissenlits, le grand plantain et les brins d'herbe. Qu'est-ce qu'il y a \u00e0 voir qui l'en emp\u00eache pour le moment ? Un promeneur ? Un oiseau ? Ou une autre vache ? Peut-\u00eatre une vache avec laquelle il y a encore des comptes \u00e0 r\u00e9gler ? Si j'\u00e9tais la vache, je regarderais vers le bas et je brouterais les tiges juteuses devant moi. Mais c'est peut-\u00eatre parce que j'ai faim.<\/p>[\/et_pb_text][\/et_pb_column][\/et_pb_row][et_pb_row _builder_version=&#8220;4.22.0&#8243; _module_preset=&#8220;default&#8220; global_colors_info=&#8220;{}&#8220;][et_pb_column type=&#8220;4_4&#8243; _builder_version=&#8220;4.22.0&#8243; _module_preset=&#8220;default&#8220; global_colors_info=&#8220;{}&#8220;][et_pb_text _builder_version=&#8220;4.22.0&#8243; _module_preset=&#8220;default&#8220; background_color=&#8220;#e5e5e5&#8243; custom_padding=&#8220;6px|||5px|false|false&#8220; global_colors_info=&#8220;{}&#8220;]<h1><a href=\"https:\/\/artgedeck.de\/fr\/gallerie\/\"><span style=\"text-decoration: underline;\"><span style=\"color: #808080; text-decoration: underline;\">Retourner \u00e0 la Galerie<\/span><\/span><\/a><\/h1>[\/et_pb_text][\/et_pb_column][\/et_pb_row][\/et_pb_section][et_pb_section fb_built=&#8220;1&#8243; _builder_version=&#8220;4.22.0&#8243; _module_preset=&#8220;default&#8220; background_color=&#8220;rgba(33,33,33,0.69)&#8220; global_module=&#8220;274&#8243; saved_tabs=&#8220;all&#8220; global_colors_info=&#8220;{}&#8220;][et_pb_row disabled_on=&#8220;off|off|off&#8220; _builder_version=&#8220;4.22.0&#8243; _module_preset=&#8220;default&#8220; custom_margin=&#8220;|auto||auto|false|false&#8220; custom_padding=&#8220;0px||0px||false|false&#8220; global_colors_info=&#8220;{}&#8220;][et_pb_column type=&#8220;4_4&#8243; _builder_version=&#8220;4.21.0&#8243; _module_preset=&#8220;default&#8220; global_colors_info=&#8220;{}&#8220;][et_pb_image src=&#8220;https:\/\/artgedeck.de\/wp-content\/uploads\/2023\/06\/logo_artgedeckfooter.png&#8220; alt=&#8220;ArtGedeck Mich\u00e9le Pinkernel&#8220; title_text=&#8220;Logo ArtGedeck Footer&#8220; align=&#8220;center&#8220; _builder_version=&#8220;4.22.0&#8243; _module_preset=&#8220;default&#8220; custom_margin=&#8220;|10px|||false|false&#8220; global_colors_info=&#8220;{}&#8220;][\/et_pb_image][et_pb_text _builder_version=&#8220;4.22.0&#8243; _module_preset=&#8220;default&#8220; custom_margin=&#8220;||||false|false&#8220; custom_padding=&#8220;||0px|||&#8220; global_colors_info=&#8220;{}&#8220;][\/et_pb_text][\/et_pb_column][\/et_pb_row][et_pb_row column_structure=&#8220;1_3,1_3,1_3&#8243; _builder_version=&#8220;4.21.0&#8243; _module_preset=&#8220;default&#8220; width=&#8220;30%&#8220; custom_padding=&#8220;|0px||||&#8220; global_colors_info=&#8220;{}&#8220;][et_pb_column type=&#8220;1_3&#8243; _builder_version=&#8220;4.21.0&#8243; _module_preset=&#8220;default&#8220; global_colors_info=&#8220;{}&#8220;][et_pb_text _builder_version=&#8220;4.22.0&#8243; _module_preset=&#8220;default&#8220; text_font=&#8220;|600|||||||&#8220; text_text_color=&#8220;#FFFFFF&#8220; text_orientation=&#8220;center&#8220; global_colors_info=&#8220;{}&#8220;]<p><a href=\"https:\/\/artgedeck.de\/fr\/impressum\/\" title=\"Mentions l\u00e9gales\">Mentions l\u00e9gales<\/a><\/p>[\/et_pb_text][\/et_pb_column][et_pb_column type=&#8220;1_3&#8243; _builder_version=&#8220;4.21.0&#8243; _module_preset=&#8220;default&#8220; custom_padding=&#8220;|0px||0px|false|false&#8220; global_colors_info=&#8220;{}&#8220;][et_pb_image src=&#8220;https:\/\/artgedeck.de\/wp-content\/uploads\/2023\/06\/melone_weiss.png&#8220; title_text=&#8220;melone_weiss&#8220; _builder_version=&#8220;4.21.0&#8243; _module_preset=&#8220;default&#8220; width=&#8220;41%&#8220; max_width=&#8220;100%&#8220; module_alignment=&#8220;center&#8220; custom_margin=&#8220;|0px||0px|false|false&#8220; custom_padding=&#8220;|0px||0px|false|false&#8220; global_colors_info=&#8220;{}&#8220;][\/et_pb_image][\/et_pb_column][et_pb_column type=&#8220;1_3&#8243; _builder_version=&#8220;4.21.0&#8243; _module_preset=&#8220;default&#8220; global_colors_info=&#8220;{}&#8220;][et_pb_text _builder_version=&#8220;4.21.0&#8243; _module_preset=&#8220;default&#8220; text_font=&#8220;|600|||||||&#8220; text_text_color=&#8220;#FFFFFF&#8220; text_orientation=&#8220;center&#8220; global_colors_info=&#8220;{}&#8220;]<p><a href=\"https:\/\/artgedeck.de\/fr\/datenschutz\/\" title=\"Confidentialit\u00e9\">Confidentialit\u00e9<\/a><\/p>[\/et_pb_text][\/et_pb_column][\/et_pb_row][et_pb_row _builder_version=&#8220;4.21.0&#8243; _module_preset=&#8220;default&#8220; custom_padding=&#8220;0px||0px||false|false&#8220; global_colors_info=&#8220;{}&#8220;][et_pb_column type=&#8220;4_4&#8243; _builder_version=&#8220;4.21.0&#8243; _module_preset=&#8220;default&#8220; global_colors_info=&#8220;{}&#8220;][et_pb_text _builder_version=&#8220;4.22.0&#8243; _module_preset=&#8220;default&#8220; text_text_color=&#8220;#FFFFFF&#8220; text_orientation=&#8220;center&#8220; global_colors_info=&#8220;{}&#8220;]<p><span>@2023 &#8211; ARTGEDECK, Mich\u00e8le Pinkernell<\/span><\/p>[\/et_pb_text][\/et_pb_column][\/et_pb_row][\/et_pb_section]","protected":false},"excerpt":{"rendered":"<p>Countryside Day nach Georgia O&#8217;KeeffeCountryside Day \u00a0 \u00a0 \u00a0 \u00a0nach Georgia O&#8217;Keeffe 39,5 cm mal 30 cm, Hochformat Aquarell auf Papier Georgia O\u2019Keeffe hat ein Bild mit dem Titel City Night\u00a0gemalt. Zwergenklein steht man bei Nacht zwischen dunklen Wolkenkratzern in einer Gro\u00dfstadt und schaut in den Himmel. Das Bild ist im Hochformat, die Wolkenkratzer neigen [&hellip;]<\/p>","protected":false},"author":2,"featured_media":0,"parent":0,"menu_order":0,"comment_status":"closed","ping_status":"closed","template":"","meta":{"_et_pb_use_builder":"on","_et_pb_old_content":"","_et_gb_content_width":"","footnotes":""},"class_list":["post-714","page","type-page","status-publish","hentry"],"yoast_head":"<!-- This site is optimized with the Yoast SEO plugin v26.6 - https:\/\/yoast.com\/wordpress\/plugins\/seo\/ -->\n<title>Georgia O&#039;Keeffe von Pinky auf ARTGedeck<\/title>\n<meta name=\"description\" content=\"Georgia O&#039;Keeffe von Pinky auf ARTGedeck betrachtet eine Kuh auf einer Weide von unten. Warum? Erfahren Sie hier mehr!\" \/>\n<meta name=\"robots\" content=\"index, follow, max-snippet:-1, max-image-preview:large, max-video-preview:-1\" \/>\n<link rel=\"canonical\" href=\"https:\/\/artgedeck.de\/fr\/georgia-okeeffe\/\" \/>\n<meta property=\"og:locale\" content=\"fr_FR\" \/>\n<meta property=\"og:type\" content=\"article\" \/>\n<meta property=\"og:title\" content=\"Georgia O&#039;Keeffe von Pinky auf ARTGedeck\" \/>\n<meta property=\"og:description\" content=\"Georgia O&#039;Keeffe von Pinky auf ARTGedeck betrachtet eine Kuh auf einer Weide von unten. Warum? Erfahren Sie hier mehr!\" \/>\n<meta property=\"og:url\" content=\"https:\/\/artgedeck.de\/fr\/georgia-okeeffe\/\" \/>\n<meta property=\"og:site_name\" content=\"ARTGedeck\" \/>\n<meta property=\"article:modified_time\" content=\"2026-01-18T11:03:56+00:00\" \/>\n<meta name=\"twitter:card\" content=\"summary_large_image\" \/>\n<meta name=\"twitter:label1\" content=\"Dur\u00e9e de lecture estim\u00e9e\" \/>\n\t<meta name=\"twitter:data1\" content=\"2 minutes\" \/>\n<script type=\"application\/ld+json\" class=\"yoast-schema-graph\">{\"@context\":\"https:\/\/schema.org\",\"@graph\":[{\"@type\":\"WebPage\",\"@id\":\"https:\/\/artgedeck.de\/georgia-okeeffe\/\",\"url\":\"https:\/\/artgedeck.de\/georgia-okeeffe\/\",\"name\":\"Georgia O'Keeffe von Pinky auf ARTGedeck\",\"isPartOf\":{\"@id\":\"https:\/\/artgedeck.de\/#website\"},\"datePublished\":\"2023-08-22T12:10:02+00:00\",\"dateModified\":\"2026-01-18T11:03:56+00:00\",\"description\":\"Georgia O'Keeffe von Pinky auf ARTGedeck betrachtet eine Kuh auf einer Weide von unten. Warum? Erfahren Sie hier mehr!\",\"breadcrumb\":{\"@id\":\"https:\/\/artgedeck.de\/georgia-okeeffe\/#breadcrumb\"},\"inLanguage\":\"fr-FR\",\"potentialAction\":[{\"@type\":\"ReadAction\",\"target\":[\"https:\/\/artgedeck.de\/georgia-okeeffe\/\"]}]},{\"@type\":\"BreadcrumbList\",\"@id\":\"https:\/\/artgedeck.de\/georgia-okeeffe\/#breadcrumb\",\"itemListElement\":[{\"@type\":\"ListItem\",\"position\":1,\"name\":\"Startseite\",\"item\":\"https:\/\/artgedeck.de\/de_de\/\"},{\"@type\":\"ListItem\",\"position\":2,\"name\":\"Georgia O&#8217;Keeffe\"}]},{\"@type\":\"WebSite\",\"@id\":\"https:\/\/artgedeck.de\/#website\",\"url\":\"https:\/\/artgedeck.de\/\",\"name\":\"ARTGedeck\",\"description\":\"\",\"potentialAction\":[{\"@type\":\"SearchAction\",\"target\":{\"@type\":\"EntryPoint\",\"urlTemplate\":\"https:\/\/artgedeck.de\/?s={search_term_string}\"},\"query-input\":{\"@type\":\"PropertyValueSpecification\",\"valueRequired\":true,\"valueName\":\"search_term_string\"}}],\"inLanguage\":\"fr-FR\"}]}<\/script>\n<!-- \/ Yoast SEO plugin. -->","yoast_head_json":{"title":"Georgia O'Keeffe von Pinky auf ARTGedeck","description":"Georgia O'Keeffe von Pinky auf ARTGedeck betrachtet eine Kuh auf einer Weide von unten. Warum? Erfahren Sie hier mehr!","robots":{"index":"index","follow":"follow","max-snippet":"max-snippet:-1","max-image-preview":"max-image-preview:large","max-video-preview":"max-video-preview:-1"},"canonical":"https:\/\/artgedeck.de\/fr\/georgia-okeeffe\/","og_locale":"fr_FR","og_type":"article","og_title":"Georgia O'Keeffe von Pinky auf ARTGedeck","og_description":"Georgia O'Keeffe von Pinky auf ARTGedeck betrachtet eine Kuh auf einer Weide von unten. Warum? Erfahren Sie hier mehr!","og_url":"https:\/\/artgedeck.de\/fr\/georgia-okeeffe\/","og_site_name":"ARTGedeck","article_modified_time":"2026-01-18T11:03:56+00:00","twitter_card":"summary_large_image","twitter_misc":{"Dur\u00e9e de lecture estim\u00e9e":"2 minutes"},"schema":{"@context":"https:\/\/schema.org","@graph":[{"@type":"WebPage","@id":"https:\/\/artgedeck.de\/georgia-okeeffe\/","url":"https:\/\/artgedeck.de\/georgia-okeeffe\/","name":"Georgia O'Keeffe von Pinky auf ARTGedeck","isPartOf":{"@id":"https:\/\/artgedeck.de\/#website"},"datePublished":"2023-08-22T12:10:02+00:00","dateModified":"2026-01-18T11:03:56+00:00","description":"Georgia O'Keeffe von Pinky auf ARTGedeck betrachtet eine Kuh auf einer Weide von unten. Warum? Erfahren Sie hier mehr!","breadcrumb":{"@id":"https:\/\/artgedeck.de\/georgia-okeeffe\/#breadcrumb"},"inLanguage":"fr-FR","potentialAction":[{"@type":"ReadAction","target":["https:\/\/artgedeck.de\/georgia-okeeffe\/"]}]},{"@type":"BreadcrumbList","@id":"https:\/\/artgedeck.de\/georgia-okeeffe\/#breadcrumb","itemListElement":[{"@type":"ListItem","position":1,"name":"Startseite","item":"https:\/\/artgedeck.de\/de_de\/"},{"@type":"ListItem","position":2,"name":"Georgia O&#8217;Keeffe"}]},{"@type":"WebSite","@id":"https:\/\/artgedeck.de\/#website","url":"https:\/\/artgedeck.de\/","name":"ARTGedeck","description":"","potentialAction":[{"@type":"SearchAction","target":{"@type":"EntryPoint","urlTemplate":"https:\/\/artgedeck.de\/?s={search_term_string}"},"query-input":{"@type":"PropertyValueSpecification","valueRequired":true,"valueName":"search_term_string"}}],"inLanguage":"fr-FR"}]}},"_links":{"self":[{"href":"https:\/\/artgedeck.de\/fr\/wp-json\/wp\/v2\/pages\/714","targetHints":{"allow":["GET"]}}],"collection":[{"href":"https:\/\/artgedeck.de\/fr\/wp-json\/wp\/v2\/pages"}],"about":[{"href":"https:\/\/artgedeck.de\/fr\/wp-json\/wp\/v2\/types\/page"}],"author":[{"embeddable":true,"href":"https:\/\/artgedeck.de\/fr\/wp-json\/wp\/v2\/users\/2"}],"replies":[{"embeddable":true,"href":"https:\/\/artgedeck.de\/fr\/wp-json\/wp\/v2\/comments?post=714"}],"version-history":[{"count":21,"href":"https:\/\/artgedeck.de\/fr\/wp-json\/wp\/v2\/pages\/714\/revisions"}],"predecessor-version":[{"id":2733,"href":"https:\/\/artgedeck.de\/fr\/wp-json\/wp\/v2\/pages\/714\/revisions\/2733"}],"wp:attachment":[{"href":"https:\/\/artgedeck.de\/fr\/wp-json\/wp\/v2\/media?parent=714"}],"curies":[{"name":"wp","href":"https:\/\/api.w.org\/{rel}","templated":true}]}}