{"id":795,"date":"2023-08-22T14:59:51","date_gmt":"2023-08-22T14:59:51","guid":{"rendered":"https:\/\/opgw.de\/?page_id=795"},"modified":"2026-01-18T11:09:54","modified_gmt":"2026-01-18T11:09:54","slug":"mary-cassatt","status":"publish","type":"page","link":"https:\/\/artgedeck.de\/es\/mary-cassatt\/","title":{"rendered":"Mary Cassatt"},"content":{"rendered":"[et_pb_section fb_built=&#8220;1&#8243; fullwidth=&#8220;on&#8220; _builder_version=&#8220;4.22.0&#8243; _module_preset=&#8220;default&#8220; background_image=&#8220;https:\/\/artgedeck.de\/wp-content\/uploads\/2023\/07\/werkstatt-18-1.jpeg&#8220; global_module=&#8220;1699&#8243; saved_tabs=&#8220;all&#8220; global_colors_info=&#8220;{}&#8220;][et_pb_fullwidth_slider _builder_version=&#8220;4.22.0&#8243; _module_preset=&#8220;default&#8220; global_colors_info=&#8220;{}&#8220;][et_pb_slide _builder_version=&#8220;4.22.0&#8243; _module_preset=&#8220;default&#8220; background_image=&#8220;https:\/\/artgedeck.de\/wp-content\/uploads\/2023\/07\/startbild_Gallerie_1.jpg&#8220; background_enable_image=&#8220;on&#8220; global_colors_info=&#8220;{}&#8220; sticky_transition=&#8220;on&#8220;][\/et_pb_slide][et_pb_slide _builder_version=&#8220;4.22.0&#8243; _module_preset=&#8220;default&#8220; background_image=&#8220;https:\/\/artgedeck.de\/wp-content\/uploads\/2023\/07\/werkstatt-10-1.jpeg&#8220; background_enable_image=&#8220;on&#8220; global_colors_info=&#8220;{}&#8220; sticky_transition=&#8220;on&#8220;][\/et_pb_slide][et_pb_slide _builder_version=&#8220;4.22.0&#8243; _module_preset=&#8220;default&#8220; background_image=&#8220;https:\/\/artgedeck.de\/wp-content\/uploads\/2023\/07\/werkstatt-13-1.jpeg&#8220; background_enable_image=&#8220;on&#8220; global_colors_info=&#8220;{}&#8220; sticky_transition=&#8220;on&#8220;][\/et_pb_slide][et_pb_slide _builder_version=&#8220;4.22.0&#8243; _module_preset=&#8220;default&#8220; background_image=&#8220;https:\/\/artgedeck.de\/wp-content\/uploads\/2023\/07\/werkstatt-7.jpeg&#8220; background_enable_image=&#8220;on&#8220; global_colors_info=&#8220;{}&#8220; sticky_transition=&#8220;on&#8220;][\/et_pb_slide][\/et_pb_fullwidth_slider][\/et_pb_section][et_pb_section fb_built=&#8220;1&#8243; admin_label=&#8220;About&#8220; _builder_version=&#8220;4.21.0&#8243; custom_padding=&#8220;10px||||false|false&#8220; custom_width_px__hover=&#8220;1080px&#8220; custom_width_px__hover_enabled=&#8220;1080px&#8220; custom_width_percent__hover=&#8220;80%&#8220; custom_width_percent__hover_enabled=&#8220;80%&#8220; global_colors_info=&#8220;{}&#8220; parallax_1__hover=&#8220;off&#8220; parallax_1__hover_enabled=&#8220;off&#8220; parallax_2__hover=&#8220;off&#8220; parallax_2__hover_enabled=&#8220;off&#8220; parallax_3__hover=&#8220;off&#8220; parallax_3__hover_enabled=&#8220;off&#8220; parallax_method_1__hover=&#8220;on&#8220; parallax_method_1__hover_enabled=&#8220;on&#8220; parallax_method_2__hover=&#8220;on&#8220; parallax_method_2__hover_enabled=&#8220;on&#8220; parallax_method_3__hover=&#8220;on&#8220; parallax_method_3__hover_enabled=&#8220;on&#8220; use_background_color_gradient__hover=&#8220;off&#8220; use_background_color_gradient__hover_enabled=&#8220;off&#8220; background_color_gradient_start__hover=&#8220;#2b87da&#8220; background_color_gradient_start__hover_enabled=&#8220;#2b87da&#8220; background_color_gradient_end__hover=&#8220;#29c4a9&#8243; background_color_gradient_end__hover_enabled=&#8220;#29c4a9&#8243; background_color_gradient_type__hover=&#8220;linear&#8220; background_color_gradient_type__hover_enabled=&#8220;linear&#8220; background_color_gradient_direction__hover=&#8220;180deg&#8220; background_color_gradient_direction__hover_enabled=&#8220;180deg&#8220; background_color_gradient_direction_radial__hover=&#8220;center&#8220; background_color_gradient_direction_radial__hover_enabled=&#8220;center&#8220; background_color_gradient_start_position__hover=&#8220;0%&#8220; background_color_gradient_start_position__hover_enabled=&#8220;0%&#8220; background_color_gradient_end_position__hover=&#8220;100%&#8220; background_color_gradient_end_position__hover_enabled=&#8220;100%&#8220; background_color_gradient_overlays_image__hover=&#8220;off&#8220; background_color_gradient_overlays_image__hover_enabled=&#8220;off&#8220; allow_player_pause__hover=&#8220;off&#8220; allow_player_pause__hover_enabled=&#8220;off&#8220; background_video_pause_outside_viewport__hover=&#8220;on&#8220; background_video_pause_outside_viewport__hover_enabled=&#8220;on&#8220; inner_shadow__hover=&#8220;off&#8220; inner_shadow__hover_enabled=&#8220;off&#8220; make_fullwidth__hover=&#8220;off&#8220; make_fullwidth__hover_enabled=&#8220;off&#8220; use_custom_width__hover=&#8220;off&#8220; use_custom_width__hover_enabled=&#8220;off&#8220; width_unit__hover=&#8220;on&#8220; width_unit__hover_enabled=&#8220;on&#8220; make_equal__hover=&#8220;off&#8220; make_equal__hover_enabled=&#8220;off&#8220; use_custom_gutter__hover=&#8220;off&#8220; use_custom_gutter__hover_enabled=&#8220;off&#8220; border_radii__hover=&#8220;on||||&#8220; border_radii__hover_enabled=&#8220;on||||&#8220; box_shadow_style__hover=&#8220;none&#8220; box_shadow_style__hover_enabled=&#8220;none&#8220; box_shadow_color__hover=&#8220;rgba(0,0,0,0.3)&#8220; box_shadow_color__hover_enabled=&#8220;rgba(0,0,0,0.3)&#8220; max_width__hover=&#8220;100%&#8220; max_width__hover_enabled=&#8220;100%&#8220; filter_hue_rotate__hover=&#8220;0deg&#8220; filter_hue_rotate__hover_enabled=&#8220;0deg&#8220; filter_saturate__hover=&#8220;100%&#8220; filter_saturate__hover_enabled=&#8220;100%&#8220; filter_brightness__hover=&#8220;100%&#8220; filter_brightness__hover_enabled=&#8220;100%&#8220; filter_contrast__hover=&#8220;100%&#8220; filter_contrast__hover_enabled=&#8220;100%&#8220; filter_invert__hover=&#8220;0%&#8220; filter_invert__hover_enabled=&#8220;0%&#8220; filter_sepia__hover=&#8220;0%&#8220; filter_sepia__hover_enabled=&#8220;0%&#8220; filter_opacity__hover=&#8220;100%&#8220; filter_opacity__hover_enabled=&#8220;100%&#8220; filter_blur__hover=&#8220;0px&#8220; filter_blur__hover_enabled=&#8220;0px&#8220; mix_blend_mode__hover=&#8220;normal&#8220; mix_blend_mode__hover_enabled=&#8220;normal&#8220; animation_style__hover=&#8220;none&#8220; animation_style__hover_enabled=&#8220;none&#8220; animation_repeat__hover=&#8220;once&#8220; animation_repeat__hover_enabled=&#8220;once&#8220; animation_direction__hover=&#8220;center&#8220; animation_direction__hover_enabled=&#8220;center&#8220; animation_duration__hover=&#8220;1000ms&#8220; animation_duration__hover_enabled=&#8220;1000ms&#8220; animation_delay__hover=&#8220;0ms&#8220; animation_delay__hover_enabled=&#8220;0ms&#8220; animation_intensity_slide__hover=&#8220;50%&#8220; animation_intensity_slide__hover_enabled=&#8220;50%&#8220; animation_intensity_zoom__hover=&#8220;50%&#8220; animation_intensity_zoom__hover_enabled=&#8220;50%&#8220; animation_intensity_flip__hover=&#8220;50%&#8220; animation_intensity_flip__hover_enabled=&#8220;50%&#8220; animation_intensity_fold__hover=&#8220;50%&#8220; animation_intensity_fold__hover_enabled=&#8220;50%&#8220; animation_intensity_roll__hover=&#8220;50%&#8220; animation_intensity_roll__hover_enabled=&#8220;50%&#8220; animation_starting_opacity__hover=&#8220;0%&#8220; animation_starting_opacity__hover_enabled=&#8220;0%&#8220; animation_speed_curve__hover=&#8220;ease-in-out&#8220; animation_speed_curve__hover_enabled=&#8220;ease-in-out&#8220; hover_transition_duration__hover=&#8220;300ms&#8220; hover_transition_duration__hover_enabled=&#8220;300ms&#8220; hover_transition_delay__hover=&#8220;0ms&#8220; hover_transition_delay__hover_enabled=&#8220;0ms&#8220; hover_transition_speed_curve__hover=&#8220;ease&#8220; hover_transition_speed_curve__hover_enabled=&#8220;ease&#8220; parallax__hover=&#8220;off&#8220; parallax__hover_enabled=&#8220;off&#8220; parallax_method__hover=&#8220;on&#8220; parallax_method__hover_enabled=&#8220;on&#8220; background_size__hover=&#8220;cover&#8220; background_size__hover_enabled=&#8220;cover&#8220; background_position__hover=&#8220;center&#8220; background_position__hover_enabled=&#8220;center&#8220; background_repeat__hover=&#8220;no-repeat&#8220; background_repeat__hover_enabled=&#8220;no-repeat&#8220; background_blend__hover=&#8220;normal&#8220; background_blend__hover_enabled=&#8220;normal&#8220; background_color_gradient_stops__hover=&#8220;#2b87da 0%|#29c4a9 100%&#8220;][et_pb_row _builder_version=&#8220;4.21.0&#8243; _module_preset=&#8220;default&#8220; custom_padding=&#8220;10px||0px||false|false&#8220; global_colors_info=&#8220;{}&#8220;][et_pb_column type=&#8220;4_4&#8243; _builder_version=&#8220;4.21.0&#8243; _module_preset=&#8220;default&#8220; global_colors_info=&#8220;{}&#8220;][et_pb_text _builder_version=&#8220;4.22.0&#8243; _module_preset=&#8220;default&#8220; header_line_height=&#8220;1.1em&#8220; background_color=&#8220;#e5e5e5&#8243; custom_margin=&#8220;10px||||false|false&#8220; custom_margin_tablet=&#8220;10px||||false|false&#8220; custom_margin_phone=&#8220;10px||||false|false&#8220; custom_margin_last_edited=&#8220;on|phone&#8220; custom_padding=&#8220;10px|10px||10px|false|false&#8220; text_font_size_phone=&#8220;14px&#8220; text_font_size_last_edited=&#8220;off|phone&#8220; header_font_tablet=&#8220;&#8220; header_font_phone=&#8220;|600|||||||&#8220; header_font_last_edited=&#8220;on|phone&#8220; header_font_size_tablet=&#8220;&#8220; header_font_size_phone=&#8220;22px&#8220; header_font_size_last_edited=&#8220;on|phone&#8220; global_colors_info=&#8220;{}&#8220;]<h1>Retrato de una vaca joven seg\u00fan Mary Cassatt<\/h1>[\/et_pb_text][\/et_pb_column][\/et_pb_row][et_pb_row _builder_version=&#8220;4.22.0&#8243; _module_preset=&#8220;default&#8220; global_colors_info=&#8220;{}&#8220;][et_pb_column type=&#8220;4_4&#8243; _builder_version=&#8220;4.22.0&#8243; _module_preset=&#8220;default&#8220; global_colors_info=&#8220;{}&#8220;][et_pb_image src=&#8220;https:\/\/artgedeck.de\/wp-content\/uploads\/2023\/10\/gerahmte_Cassatt700.jpg&#8220; alt=&#8220;Portrait einer jungen Kuh nach Mary Cassatt&#8220; title_text=&#8220;gerahmte_Cassatt700&#8243; align=&#8220;center&#8220; align_tablet=&#8220;center&#8220; align_phone=&#8220;center&#8220; align_last_edited=&#8220;on|desktop&#8220; _builder_version=&#8220;4.22.0&#8243; _module_preset=&#8220;default&#8220; width_tablet=&#8220;88%&#8220; width_phone=&#8220;auto&#8220; width_last_edited=&#8220;on|phone&#8220; max_width_tablet=&#8220;100%&#8220; max_width_phone=&#8220;&#8220; max_width_last_edited=&#8220;on|phone&#8220; min_height_tablet=&#8220;280px&#8220; min_height_phone=&#8220;&#8220; min_height_last_edited=&#8220;on|phone&#8220; height_tablet=&#8220;&#8220; height_phone=&#8220;&#8220; height_last_edited=&#8220;on|desktop&#8220; max_height_tablet=&#8220;&#8220; max_height_phone=&#8220;&#8220; max_height_last_edited=&#8220;on|phone&#8220; custom_margin=&#8220;||||false|false&#8220; custom_padding=&#8220;||||false|false&#8220; custom_css_main_element=&#8220;padding: 25px;&#8220; border_color_all=&#8220;#E09900&#8243; border_style_all=&#8220;double&#8220; box_shadow_style=&#8220;preset2&#8243; box_shadow_blur=&#8220;4px&#8220; global_colors_info=&#8220;{}&#8220; custom_css_main_element_last_edited=&#8220;on|desktop&#8220; custom_css_main_element_tablet=&#8220;padding: 25px;&#8220; custom_css_main_element_phone=&#8220;padding: 25px;&#8220;][\/et_pb_image][\/et_pb_column][\/et_pb_row][et_pb_row _builder_version=&#8220;4.22.0&#8243; _module_preset=&#8220;default&#8220; global_colors_info=&#8220;{}&#8220;][et_pb_column type=&#8220;4_4&#8243; _builder_version=&#8220;4.22.0&#8243; _module_preset=&#8220;default&#8220; global_colors_info=&#8220;{}&#8220;][et_pb_text _builder_version=&#8220;4.22.0&#8243; _module_preset=&#8220;default&#8220; text_font=&#8220;Abhaya Libre||||||||&#8220; background_color=&#8220;#f9f9f9&#8243; width=&#8220;35%&#8220; width_tablet=&#8220;54%&#8220; width_phone=&#8220;94%&#8220; width_last_edited=&#8220;on|tablet&#8220; max_width=&#8220;50%&#8220; max_width_tablet=&#8220;55%&#8220; max_width_phone=&#8220;100%&#8220; max_width_last_edited=&#8220;on|phone&#8220; module_alignment=&#8220;center&#8220; custom_margin=&#8220;10px||||false|false&#8220; custom_margin_tablet=&#8220;10px||||false|false&#8220; custom_margin_phone=&#8220;10px||||false|false&#8220; custom_margin_last_edited=&#8220;on|phone&#8220; custom_padding=&#8220;25px||3px|28px|false|false&#8220; header_font_tablet=&#8220;&#8220; header_font_phone=&#8220;|600|||||||&#8220; header_font_last_edited=&#8220;on|phone&#8220; border_width_all=&#8220;3px&#8220; border_color_all=&#8220;#0C71C3&#8243; box_shadow_style=&#8220;preset4&#8243; box_shadow_horizontal=&#8220;6px&#8220; box_shadow_vertical=&#8220;6px&#8220; box_shadow_blur=&#8220;4px&#8220; locked=&#8220;off&#8220; global_colors_info=&#8220;{}&#8220;]<h1>Retrato de una vaca joven<\/h1>\n<h1>\u00a0 \u00a0 \u00a0 \u00a0seg\u00fan Mary Cassatt<\/h1>\n<ul>\n<li>\n<h4>70 cm por 100 cm, formato retrato<\/h4>\n<\/li>\n<li>\n<h4>Acr\u00edlico sobre lienzo<\/h4>\n<\/li>\n<\/ul>[\/et_pb_text][\/et_pb_column][\/et_pb_row][et_pb_row column_structure=&#8220;1_2,1_2&#8243; _builder_version=&#8220;4.22.0&#8243; _module_preset=&#8220;default&#8220; global_colors_info=&#8220;{}&#8220;][et_pb_column type=&#8220;1_2&#8243; _builder_version=&#8220;4.22.0&#8243; _module_preset=&#8220;default&#8220; global_colors_info=&#8220;{}&#8220;][et_pb_text _builder_version=&#8220;4.22.0&#8243; _module_preset=&#8220;default&#8220; custom_margin=&#8220;|10px||10px|false|true&#8220; custom_padding=&#8220;0px||9px|||&#8220; global_colors_info=&#8220;{}&#8220;]<p>El cuadro \"Retrato de una vaca joven seg\u00fan Mary Cassatt\" est\u00e1 aplicado sobre un lienzo utilizando colores acr\u00edlicos fuertes con pinceladas claramente visibles. Los colores son tonos c\u00e1lidos de verde y marr\u00f3n. <br \/>En un luminoso d\u00eda de principios de verano, una joven vaca con sombrero entra en el cuadro por la izquierda. Es una vaca Jersey. Es decir, una vaca peque\u00f1a, de color marr\u00f3n claro, con la boca y la nariz de color beige claro. La vaquita est\u00e1 de pie en un parque. Arriba a la derecha, en diagonal detr\u00e1s de ella, un camino de grava serpentea por el paisaje ligeramente ondulado. La hierba es de un verde exuberante. Los colores brillan. La vaca nos mira y mastica una paja. Con un perro, esta postura, la cabeza ligeramente inclinada, mirando hacia abajo, dice: \"\u00a1Ven a jugar conmigo!\".<\/p>[\/et_pb_text][\/et_pb_column][et_pb_column type=&#8220;1_2&#8243; _builder_version=&#8220;4.22.0&#8243; _module_preset=&#8220;default&#8220; global_colors_info=&#8220;{}&#8220;][et_pb_text _builder_version=&#8220;4.23.1&#8243; _module_preset=&#8220;default&#8220; custom_margin=&#8220;|10px||10px|false|true&#8220; custom_margin_tablet=&#8220;|10px||10px|false|true&#8220; custom_margin_phone=&#8220;-38px||||false|true&#8220; custom_margin_last_edited=&#8220;on|desktop&#8220; custom_padding=&#8220;0px||||false|false&#8220; hover_enabled=&#8220;0&#8243; global_colors_info=&#8220;{}&#8220; sticky_enabled=&#8220;0&#8243;]<p>Con una vaca, hay que tener cuidado y alejarse.<br \/>El sombrero de paja es un sombrero florentino con ala ancha y ondulada, cinta negra, lazo negro y plumas blancas de avestruz. Se coloca perfectamente en la cabeza y hace sombra a los ojos. Ser\u00eda un buen bocado para una vaca. Un bosque bordea el borde superior del cuadro.<br \/>En el <strong><span style=\"text-decoration: underline;\"><span style=\"color: #333333;\"><a href=\"https:\/\/reproarte.com\/de\/themenauswahl\/stilrichtungen\/amerikanische-kunst\/29288-portraet-eines-jungen-maedchens-detail\" target=\"_blank\" rel=\"noopener\" style=\"color: #333333; text-decoration: underline;\">Retrato de una joven<\/a><\/span><\/span><\/strong> de Mary Cassatt, una joven con un vestido blanco de volantes mira fijamente hacia delante. Su mirada ausente dice: \"No estoy de humor para estas tonter\u00edas\".<br \/>Cuando vi el cuadro por primera vez, pens\u00e9 inmediatamente en una vaca. Sent\u00ed un poco de l\u00e1stima por la guapa mujer. Quer\u00eda redimirla y b\u00e1sicamente liberarla.<\/p>[\/et_pb_text][\/et_pb_column][\/et_pb_row][et_pb_row _builder_version=&#8220;4.22.0&#8243; _module_preset=&#8220;default&#8220; global_colors_info=&#8220;{}&#8220;][et_pb_column type=&#8220;4_4&#8243; _builder_version=&#8220;4.22.0&#8243; _module_preset=&#8220;default&#8220; global_colors_info=&#8220;{}&#8220;][et_pb_text _builder_version=&#8220;4.22.0&#8243; _module_preset=&#8220;default&#8220; background_color=&#8220;#e5e5e5&#8243; custom_padding=&#8220;6px|||5px|false|false&#8220; global_colors_info=&#8220;{}&#8220;]<h1><a href=\"https:\/\/artgedeck.de\/es\/gallerie\/\"><span style=\"text-decoration: underline; color: #808080;\">Volver a la Galer\u00eda<\/span><\/a><\/h1>[\/et_pb_text][\/et_pb_column][\/et_pb_row][\/et_pb_section][et_pb_section fb_built=&#8220;1&#8243; _builder_version=&#8220;4.22.0&#8243; _module_preset=&#8220;default&#8220; background_color=&#8220;rgba(33,33,33,0.69)&#8220; global_module=&#8220;274&#8243; saved_tabs=&#8220;all&#8220; global_colors_info=&#8220;{}&#8220;][et_pb_row disabled_on=&#8220;off|off|off&#8220; _builder_version=&#8220;4.22.0&#8243; _module_preset=&#8220;default&#8220; custom_margin=&#8220;|auto||auto|false|false&#8220; custom_padding=&#8220;0px||0px||false|false&#8220; global_colors_info=&#8220;{}&#8220;][et_pb_column type=&#8220;4_4&#8243; _builder_version=&#8220;4.21.0&#8243; _module_preset=&#8220;default&#8220; global_colors_info=&#8220;{}&#8220;][et_pb_image src=&#8220;https:\/\/artgedeck.de\/wp-content\/uploads\/2023\/06\/logo_artgedeckfooter.png&#8220; alt=&#8220;ArtGedeck Mich\u00e9le Pinkernel&#8220; title_text=&#8220;Logo ArtGedeck Footer&#8220; align=&#8220;center&#8220; _builder_version=&#8220;4.22.0&#8243; _module_preset=&#8220;default&#8220; custom_margin=&#8220;|10px|||false|false&#8220; global_colors_info=&#8220;{}&#8220;][\/et_pb_image][et_pb_text _builder_version=&#8220;4.22.0&#8243; _module_preset=&#8220;default&#8220; custom_margin=&#8220;||||false|false&#8220; custom_padding=&#8220;||0px|||&#8220; global_colors_info=&#8220;{}&#8220;][\/et_pb_text][\/et_pb_column][\/et_pb_row][et_pb_row column_structure=&#8220;1_3,1_3,1_3&#8243; _builder_version=&#8220;4.21.0&#8243; _module_preset=&#8220;default&#8220; width=&#8220;30%&#8220; custom_padding=&#8220;|0px||||&#8220; global_colors_info=&#8220;{}&#8220;][et_pb_column type=&#8220;1_3&#8243; _builder_version=&#8220;4.21.0&#8243; _module_preset=&#8220;default&#8220; global_colors_info=&#8220;{}&#8220;][et_pb_text _builder_version=&#8220;4.22.0&#8243; _module_preset=&#8220;default&#8220; text_font=&#8220;|600|||||||&#8220; text_text_color=&#8220;#FFFFFF&#8220; text_orientation=&#8220;center&#8220; global_colors_info=&#8220;{}&#8220;]<p><a href=\"https:\/\/artgedeck.de\/es\/impressum\/\" title=\"Pie de imprenta\">Pie de imprenta<\/a><\/p>[\/et_pb_text][\/et_pb_column][et_pb_column type=&#8220;1_3&#8243; _builder_version=&#8220;4.21.0&#8243; _module_preset=&#8220;default&#8220; custom_padding=&#8220;|0px||0px|false|false&#8220; global_colors_info=&#8220;{}&#8220;][et_pb_image src=&#8220;https:\/\/artgedeck.de\/wp-content\/uploads\/2023\/06\/melone_weiss.png&#8220; title_text=&#8220;melone_weiss&#8220; _builder_version=&#8220;4.21.0&#8243; _module_preset=&#8220;default&#8220; width=&#8220;41%&#8220; max_width=&#8220;100%&#8220; module_alignment=&#8220;center&#8220; custom_margin=&#8220;|0px||0px|false|false&#8220; custom_padding=&#8220;|0px||0px|false|false&#8220; global_colors_info=&#8220;{}&#8220;][\/et_pb_image][\/et_pb_column][et_pb_column type=&#8220;1_3&#8243; _builder_version=&#8220;4.21.0&#8243; _module_preset=&#8220;default&#8220; global_colors_info=&#8220;{}&#8220;][et_pb_text _builder_version=&#8220;4.21.0&#8243; _module_preset=&#8220;default&#8220; text_font=&#8220;|600|||||||&#8220; text_text_color=&#8220;#FFFFFF&#8220; text_orientation=&#8220;center&#8220; global_colors_info=&#8220;{}&#8220;]<p><a href=\"https:\/\/artgedeck.de\/es\/datenschutz\/\" title=\"Protecci\u00f3n de datos\">Protecci\u00f3n de datos<\/a><\/p>[\/et_pb_text][\/et_pb_column][\/et_pb_row][et_pb_row _builder_version=&#8220;4.21.0&#8243; _module_preset=&#8220;default&#8220; custom_padding=&#8220;0px||0px||false|false&#8220; global_colors_info=&#8220;{}&#8220;][et_pb_column type=&#8220;4_4&#8243; _builder_version=&#8220;4.21.0&#8243; _module_preset=&#8220;default&#8220; global_colors_info=&#8220;{}&#8220;][et_pb_text _builder_version=&#8220;4.22.0&#8243; _module_preset=&#8220;default&#8220; text_text_color=&#8220;#FFFFFF&#8220; text_orientation=&#8220;center&#8220; global_colors_info=&#8220;{}&#8220;]<p><span>@2023 &#8211; ARTGEDECK, Mich\u00e8le Pinkernell<\/span><\/p>[\/et_pb_text][\/et_pb_column][\/et_pb_row][\/et_pb_section]","protected":false},"excerpt":{"rendered":"<p>Portrait einer jungen Kuh nach Mary CassattPortrait einer jungen Kuh \u00a0 \u00a0 \u00a0 \u00a0nach Mary Cassatt 70 cm mal 100 cm, Hochformat Acryl auf Leinwand Das Bild \u201ePortrait einer jungen Kuh nach Mary Cassatt&#8220; ist mit kr\u00e4ftigen Acrylfarben mit deutlich sichtbaren Pinselstrichen auf eine Leinwand aufgetragen. Es handelt sich um warme Gr\u00fcn- und Braunt\u00f6ne. An [&hellip;]<\/p>","protected":false},"author":2,"featured_media":0,"parent":0,"menu_order":0,"comment_status":"closed","ping_status":"closed","template":"","meta":{"_et_pb_use_builder":"on","_et_pb_old_content":"","_et_gb_content_width":"","footnotes":""},"class_list":["post-795","page","type-page","status-publish","hentry"],"yoast_head":"<!-- This site is optimized with the Yoast SEO plugin v26.6 - https:\/\/yoast.com\/wordpress\/plugins\/seo\/ -->\n<title>Mary Cassatt von Pinky auf ARTGedeck<\/title>\n<meta name=\"description\" content=\"Mary Cassatt von Pinky auf ARTGedeck zeigt das Bildnis einer jungen Kuh. Warum die Kuh einen Hut tr\u00e4gt, erf\u00e4hrst du nach dem Klick,\" \/>\n<meta name=\"robots\" content=\"index, follow, max-snippet:-1, max-image-preview:large, max-video-preview:-1\" \/>\n<link rel=\"canonical\" href=\"https:\/\/artgedeck.de\/es\/mary-cassatt\/\" \/>\n<meta property=\"og:locale\" content=\"es_ES\" \/>\n<meta property=\"og:type\" content=\"article\" \/>\n<meta property=\"og:title\" content=\"Mary Cassatt von Pinky auf ARTGedeck\" \/>\n<meta property=\"og:description\" content=\"Mary Cassatt von Pinky auf ARTGedeck zeigt das Bildnis einer jungen Kuh. Warum die Kuh einen Hut tr\u00e4gt, erf\u00e4hrst du nach dem Klick,\" \/>\n<meta property=\"og:url\" content=\"https:\/\/artgedeck.de\/es\/mary-cassatt\/\" \/>\n<meta property=\"og:site_name\" content=\"ARTGedeck\" \/>\n<meta property=\"article:modified_time\" content=\"2026-01-18T11:09:54+00:00\" \/>\n<meta name=\"twitter:card\" content=\"summary_large_image\" \/>\n<meta name=\"twitter:label1\" content=\"Tiempo de lectura\" \/>\n\t<meta name=\"twitter:data1\" content=\"3 minutos\" \/>\n<script type=\"application\/ld+json\" class=\"yoast-schema-graph\">{\"@context\":\"https:\/\/schema.org\",\"@graph\":[{\"@type\":\"WebPage\",\"@id\":\"https:\/\/artgedeck.de\/mary-cassatt\/\",\"url\":\"https:\/\/artgedeck.de\/mary-cassatt\/\",\"name\":\"Mary Cassatt von Pinky auf ARTGedeck\",\"isPartOf\":{\"@id\":\"https:\/\/artgedeck.de\/#website\"},\"datePublished\":\"2023-08-22T14:59:51+00:00\",\"dateModified\":\"2026-01-18T11:09:54+00:00\",\"description\":\"Mary Cassatt von Pinky auf ARTGedeck zeigt das Bildnis einer jungen Kuh. Warum die Kuh einen Hut tr\u00e4gt, erf\u00e4hrst du nach dem Klick,\",\"breadcrumb\":{\"@id\":\"https:\/\/artgedeck.de\/mary-cassatt\/#breadcrumb\"},\"inLanguage\":\"es\",\"potentialAction\":[{\"@type\":\"ReadAction\",\"target\":[\"https:\/\/artgedeck.de\/mary-cassatt\/\"]}]},{\"@type\":\"BreadcrumbList\",\"@id\":\"https:\/\/artgedeck.de\/mary-cassatt\/#breadcrumb\",\"itemListElement\":[{\"@type\":\"ListItem\",\"position\":1,\"name\":\"Startseite\",\"item\":\"https:\/\/artgedeck.de\/de_de\/\"},{\"@type\":\"ListItem\",\"position\":2,\"name\":\"Mary Cassatt\"}]},{\"@type\":\"WebSite\",\"@id\":\"https:\/\/artgedeck.de\/#website\",\"url\":\"https:\/\/artgedeck.de\/\",\"name\":\"ARTGedeck\",\"description\":\"\",\"potentialAction\":[{\"@type\":\"SearchAction\",\"target\":{\"@type\":\"EntryPoint\",\"urlTemplate\":\"https:\/\/artgedeck.de\/?s={search_term_string}\"},\"query-input\":{\"@type\":\"PropertyValueSpecification\",\"valueRequired\":true,\"valueName\":\"search_term_string\"}}],\"inLanguage\":\"es\"}]}<\/script>\n<!-- \/ Yoast SEO plugin. -->","yoast_head_json":{"title":"Mary Cassatt von Pinky auf ARTGedeck","description":"Mary Cassatt von Pinky auf ARTGedeck zeigt das Bildnis einer jungen Kuh. Warum die Kuh einen Hut tr\u00e4gt, erf\u00e4hrst du nach dem Klick,","robots":{"index":"index","follow":"follow","max-snippet":"max-snippet:-1","max-image-preview":"max-image-preview:large","max-video-preview":"max-video-preview:-1"},"canonical":"https:\/\/artgedeck.de\/es\/mary-cassatt\/","og_locale":"es_ES","og_type":"article","og_title":"Mary Cassatt von Pinky auf ARTGedeck","og_description":"Mary Cassatt von Pinky auf ARTGedeck zeigt das Bildnis einer jungen Kuh. Warum die Kuh einen Hut tr\u00e4gt, erf\u00e4hrst du nach dem Klick,","og_url":"https:\/\/artgedeck.de\/es\/mary-cassatt\/","og_site_name":"ARTGedeck","article_modified_time":"2026-01-18T11:09:54+00:00","twitter_card":"summary_large_image","twitter_misc":{"Tiempo de lectura":"3 minutos"},"schema":{"@context":"https:\/\/schema.org","@graph":[{"@type":"WebPage","@id":"https:\/\/artgedeck.de\/mary-cassatt\/","url":"https:\/\/artgedeck.de\/mary-cassatt\/","name":"Mary Cassatt von Pinky auf ARTGedeck","isPartOf":{"@id":"https:\/\/artgedeck.de\/#website"},"datePublished":"2023-08-22T14:59:51+00:00","dateModified":"2026-01-18T11:09:54+00:00","description":"Mary Cassatt von Pinky auf ARTGedeck zeigt das Bildnis einer jungen Kuh. Warum die Kuh einen Hut tr\u00e4gt, erf\u00e4hrst du nach dem Klick,","breadcrumb":{"@id":"https:\/\/artgedeck.de\/mary-cassatt\/#breadcrumb"},"inLanguage":"es","potentialAction":[{"@type":"ReadAction","target":["https:\/\/artgedeck.de\/mary-cassatt\/"]}]},{"@type":"BreadcrumbList","@id":"https:\/\/artgedeck.de\/mary-cassatt\/#breadcrumb","itemListElement":[{"@type":"ListItem","position":1,"name":"Startseite","item":"https:\/\/artgedeck.de\/de_de\/"},{"@type":"ListItem","position":2,"name":"Mary Cassatt"}]},{"@type":"WebSite","@id":"https:\/\/artgedeck.de\/#website","url":"https:\/\/artgedeck.de\/","name":"ARTGedeck","description":"","potentialAction":[{"@type":"SearchAction","target":{"@type":"EntryPoint","urlTemplate":"https:\/\/artgedeck.de\/?s={search_term_string}"},"query-input":{"@type":"PropertyValueSpecification","valueRequired":true,"valueName":"search_term_string"}}],"inLanguage":"es"}]}},"_links":{"self":[{"href":"https:\/\/artgedeck.de\/es\/wp-json\/wp\/v2\/pages\/795","targetHints":{"allow":["GET"]}}],"collection":[{"href":"https:\/\/artgedeck.de\/es\/wp-json\/wp\/v2\/pages"}],"about":[{"href":"https:\/\/artgedeck.de\/es\/wp-json\/wp\/v2\/types\/page"}],"author":[{"embeddable":true,"href":"https:\/\/artgedeck.de\/es\/wp-json\/wp\/v2\/users\/2"}],"replies":[{"embeddable":true,"href":"https:\/\/artgedeck.de\/es\/wp-json\/wp\/v2\/comments?post=795"}],"version-history":[{"count":13,"href":"https:\/\/artgedeck.de\/es\/wp-json\/wp\/v2\/pages\/795\/revisions"}],"predecessor-version":[{"id":2740,"href":"https:\/\/artgedeck.de\/es\/wp-json\/wp\/v2\/pages\/795\/revisions\/2740"}],"wp:attachment":[{"href":"https:\/\/artgedeck.de\/es\/wp-json\/wp\/v2\/media?parent=795"}],"curies":[{"name":"wp","href":"https:\/\/api.w.org\/{rel}","templated":true}]}}