{"id":62,"date":"2023-06-22T18:12:14","date_gmt":"2023-06-22T18:12:14","guid":{"rendered":"https:\/\/opgw.de\/?page_id=62"},"modified":"2026-01-18T11:12:20","modified_gmt":"2026-01-18T11:12:20","slug":"pinky-plaudert","status":"publish","type":"page","link":"https:\/\/artgedeck.de\/es\/pinky-plaudert\/","title":{"rendered":"Pinky plaudert"},"content":{"rendered":"[et_pb_section fb_built=&#8220;1&#8243; fullwidth=&#8220;on&#8220; disabled_on=&#8220;off|off|off&#8220; admin_label=&#8220;Main Slider&#8220; _builder_version=&#8220;4.22.0&#8243; _module_preset=&#8220;default&#8220; hover_transition_duration=&#8220;500ms&#8220; hover_transition_delay=&#8220;50ms&#8220; global_module=&#8220;251&#8243; saved_tabs=&#8220;all&#8220; global_colors_info=&#8220;{}&#8220;][et_pb_fullwidth_slider _builder_version=&#8220;4.22.0&#8243; _module_preset=&#8220;default&#8220; background_enable_image=&#8220;off&#8220; height=&#8220;550px&#8220; height_tablet=&#8220;450px&#8220; height_phone=&#8220;265px&#8220; height_last_edited=&#8220;on|desktop&#8220; global_colors_info=&#8220;{}&#8220;][et_pb_slide _builder_version=&#8220;4.22.0&#8243; _module_preset=&#8220;default&#8220; background_image=&#8220;https:\/\/artgedeck.de\/wp-content\/uploads\/2023\/10\/startbild_Gallerie_1.jpg&#8220; background_enable_image=&#8220;on&#8220; global_colors_info=&#8220;{}&#8220; sticky_transition=&#8220;on&#8220;][\/et_pb_slide][et_pb_slide _builder_version=&#8220;4.22.0&#8243; _module_preset=&#8220;default&#8220; background_image=&#8220;https:\/\/artgedeck.de\/wp-content\/uploads\/2023\/10\/Banner-breit-Italien.jpg&#8220; background_enable_image=&#8220;on&#8220; global_colors_info=&#8220;{}&#8220; sticky_transition=&#8220;on&#8220;][\/et_pb_slide][et_pb_slide _builder_version=&#8220;4.22.0&#8243; _module_preset=&#8220;default&#8220; background_image=&#8220;https:\/\/artgedeck.de\/wp-content\/uploads\/2023\/10\/Banner-BlaueGrotte.jpg&#8220; background_enable_image=&#8220;on&#8220; global_colors_info=&#8220;{}&#8220; sticky_transition=&#8220;on&#8220;][\/et_pb_slide][et_pb_slide _builder_version=&#8220;4.22.0&#8243; _module_preset=&#8220;default&#8220; background_image=&#8220;https:\/\/artgedeck.de\/wp-content\/uploads\/2023\/10\/Banner-breit-Pompeji.jpg&#8220; background_enable_image=&#8220;on&#8220; global_colors_info=&#8220;{}&#8220; sticky_transition=&#8220;on&#8220;][\/et_pb_slide][et_pb_slide _builder_version=&#8220;4.22.0&#8243; _module_preset=&#8220;default&#8220; background_image=&#8220;https:\/\/artgedeck.de\/wp-content\/uploads\/2023\/10\/Banner-breit-Azorenhoch.jpg&#8220; background_enable_image=&#8220;on&#8220; global_colors_info=&#8220;{}&#8220; sticky_transition=&#8220;on&#8220;][\/et_pb_slide][et_pb_slide _builder_version=&#8220;4.22.0&#8243; _module_preset=&#8220;default&#8220; background_image=&#8220;https:\/\/artgedeck.de\/wp-content\/uploads\/2023\/10\/Banner-breit-Seefahrer.jpg&#8220; background_enable_image=&#8220;on&#8220; global_colors_info=&#8220;{}&#8220; sticky_transition=&#8220;on&#8220;][\/et_pb_slide][et_pb_slide _builder_version=&#8220;4.22.0&#8243; _module_preset=&#8220;default&#8220; background_image=&#8220;https:\/\/artgedeck.de\/wp-content\/uploads\/2023\/10\/Banner-breit-Sonnenuntergang.jpg&#8220; background_enable_image=&#8220;on&#8220; global_colors_info=&#8220;{}&#8220; sticky_transition=&#8220;on&#8220;][\/et_pb_slide][et_pb_slide _builder_version=&#8220;4.22.0&#8243; _module_preset=&#8220;default&#8220; background_image=&#8220;https:\/\/artgedeck.de\/wp-content\/uploads\/2023\/07\/werkstatt-18-1.jpeg&#8220; background_enable_image=&#8220;on&#8220; global_colors_info=&#8220;{}&#8220; sticky_transition=&#8220;on&#8220;][\/et_pb_slide][\/et_pb_fullwidth_slider][\/et_pb_section][et_pb_section fb_built=&#8220;1&#8243; admin_label=&#8220;About&#8220; _builder_version=&#8220;4.16&#8243; custom_width_px__hover=&#8220;1080px&#8220; custom_width_px__hover_enabled=&#8220;1080px&#8220; custom_width_percent__hover=&#8220;80%&#8220; custom_width_percent__hover_enabled=&#8220;80%&#8220; global_colors_info=&#8220;{}&#8220; parallax_1__hover=&#8220;off&#8220; parallax_1__hover_enabled=&#8220;off&#8220; parallax_2__hover=&#8220;off&#8220; parallax_2__hover_enabled=&#8220;off&#8220; parallax_3__hover=&#8220;off&#8220; parallax_3__hover_enabled=&#8220;off&#8220; parallax_method_1__hover=&#8220;on&#8220; parallax_method_1__hover_enabled=&#8220;on&#8220; parallax_method_2__hover=&#8220;on&#8220; parallax_method_2__hover_enabled=&#8220;on&#8220; parallax_method_3__hover=&#8220;on&#8220; parallax_method_3__hover_enabled=&#8220;on&#8220; use_background_color_gradient__hover=&#8220;off&#8220; use_background_color_gradient__hover_enabled=&#8220;off&#8220; background_color_gradient_start__hover=&#8220;#2b87da&#8220; background_color_gradient_start__hover_enabled=&#8220;#2b87da&#8220; background_color_gradient_end__hover=&#8220;#29c4a9&#8243; background_color_gradient_end__hover_enabled=&#8220;#29c4a9&#8243; background_color_gradient_type__hover=&#8220;linear&#8220; background_color_gradient_type__hover_enabled=&#8220;linear&#8220; background_color_gradient_direction__hover=&#8220;180deg&#8220; background_color_gradient_direction__hover_enabled=&#8220;180deg&#8220; background_color_gradient_direction_radial__hover=&#8220;center&#8220; background_color_gradient_direction_radial__hover_enabled=&#8220;center&#8220; background_color_gradient_start_position__hover=&#8220;0%&#8220; background_color_gradient_start_position__hover_enabled=&#8220;0%&#8220; background_color_gradient_end_position__hover=&#8220;100%&#8220; background_color_gradient_end_position__hover_enabled=&#8220;100%&#8220; background_color_gradient_overlays_image__hover=&#8220;off&#8220; background_color_gradient_overlays_image__hover_enabled=&#8220;off&#8220; allow_player_pause__hover=&#8220;off&#8220; allow_player_pause__hover_enabled=&#8220;off&#8220; background_video_pause_outside_viewport__hover=&#8220;on&#8220; background_video_pause_outside_viewport__hover_enabled=&#8220;on&#8220; inner_shadow__hover=&#8220;off&#8220; inner_shadow__hover_enabled=&#8220;off&#8220; make_fullwidth__hover=&#8220;off&#8220; make_fullwidth__hover_enabled=&#8220;off&#8220; use_custom_width__hover=&#8220;off&#8220; use_custom_width__hover_enabled=&#8220;off&#8220; width_unit__hover=&#8220;on&#8220; width_unit__hover_enabled=&#8220;on&#8220; make_equal__hover=&#8220;off&#8220; make_equal__hover_enabled=&#8220;off&#8220; use_custom_gutter__hover=&#8220;off&#8220; use_custom_gutter__hover_enabled=&#8220;off&#8220; border_radii__hover=&#8220;on||||&#8220; border_radii__hover_enabled=&#8220;on||||&#8220; box_shadow_style__hover=&#8220;none&#8220; box_shadow_style__hover_enabled=&#8220;none&#8220; box_shadow_color__hover=&#8220;rgba(0,0,0,0.3)&#8220; box_shadow_color__hover_enabled=&#8220;rgba(0,0,0,0.3)&#8220; max_width__hover=&#8220;100%&#8220; max_width__hover_enabled=&#8220;100%&#8220; filter_hue_rotate__hover=&#8220;0deg&#8220; filter_hue_rotate__hover_enabled=&#8220;0deg&#8220; filter_saturate__hover=&#8220;100%&#8220; filter_saturate__hover_enabled=&#8220;100%&#8220; filter_brightness__hover=&#8220;100%&#8220; filter_brightness__hover_enabled=&#8220;100%&#8220; filter_contrast__hover=&#8220;100%&#8220; filter_contrast__hover_enabled=&#8220;100%&#8220; filter_invert__hover=&#8220;0%&#8220; filter_invert__hover_enabled=&#8220;0%&#8220; filter_sepia__hover=&#8220;0%&#8220; filter_sepia__hover_enabled=&#8220;0%&#8220; filter_opacity__hover=&#8220;100%&#8220; filter_opacity__hover_enabled=&#8220;100%&#8220; filter_blur__hover=&#8220;0px&#8220; filter_blur__hover_enabled=&#8220;0px&#8220; mix_blend_mode__hover=&#8220;normal&#8220; mix_blend_mode__hover_enabled=&#8220;normal&#8220; animation_style__hover=&#8220;none&#8220; animation_style__hover_enabled=&#8220;none&#8220; animation_repeat__hover=&#8220;once&#8220; animation_repeat__hover_enabled=&#8220;once&#8220; animation_direction__hover=&#8220;center&#8220; animation_direction__hover_enabled=&#8220;center&#8220; animation_duration__hover=&#8220;1000ms&#8220; animation_duration__hover_enabled=&#8220;1000ms&#8220; animation_delay__hover=&#8220;0ms&#8220; animation_delay__hover_enabled=&#8220;0ms&#8220; animation_intensity_slide__hover=&#8220;50%&#8220; animation_intensity_slide__hover_enabled=&#8220;50%&#8220; animation_intensity_zoom__hover=&#8220;50%&#8220; animation_intensity_zoom__hover_enabled=&#8220;50%&#8220; animation_intensity_flip__hover=&#8220;50%&#8220; animation_intensity_flip__hover_enabled=&#8220;50%&#8220; animation_intensity_fold__hover=&#8220;50%&#8220; animation_intensity_fold__hover_enabled=&#8220;50%&#8220; animation_intensity_roll__hover=&#8220;50%&#8220; animation_intensity_roll__hover_enabled=&#8220;50%&#8220; animation_starting_opacity__hover=&#8220;0%&#8220; animation_starting_opacity__hover_enabled=&#8220;0%&#8220; animation_speed_curve__hover=&#8220;ease-in-out&#8220; animation_speed_curve__hover_enabled=&#8220;ease-in-out&#8220; hover_transition_duration__hover=&#8220;300ms&#8220; hover_transition_duration__hover_enabled=&#8220;300ms&#8220; hover_transition_delay__hover=&#8220;0ms&#8220; hover_transition_delay__hover_enabled=&#8220;0ms&#8220; hover_transition_speed_curve__hover=&#8220;ease&#8220; hover_transition_speed_curve__hover_enabled=&#8220;ease&#8220; parallax__hover=&#8220;off&#8220; parallax__hover_enabled=&#8220;off&#8220; parallax_method__hover=&#8220;on&#8220; parallax_method__hover_enabled=&#8220;on&#8220; background_size__hover=&#8220;cover&#8220; background_size__hover_enabled=&#8220;cover&#8220; background_position__hover=&#8220;center&#8220; background_position__hover_enabled=&#8220;center&#8220; background_repeat__hover=&#8220;no-repeat&#8220; background_repeat__hover_enabled=&#8220;no-repeat&#8220; background_blend__hover=&#8220;normal&#8220; background_blend__hover_enabled=&#8220;normal&#8220; background_color_gradient_stops__hover=&#8220;#2b87da 0%|#29c4a9 100%&#8220;][et_pb_row _builder_version=&#8220;4.22.0&#8243; _module_preset=&#8220;default&#8220; global_colors_info=&#8220;{}&#8220;][et_pb_column type=&#8220;4_4&#8243; _builder_version=&#8220;4.22.0&#8243; _module_preset=&#8220;default&#8220; global_colors_info=&#8220;{}&#8220;][et_pb_heading title=&#8220;Pinkys Plaudereien&#8220; _builder_version=&#8220;4.22.0&#8243; _module_preset=&#8220;default&#8220; background_color=&#8220;#e5e5e5&#8243; custom_padding=&#8220;6px|||5px|false|false&#8220; global_colors_info=&#8220;{}&#8220;][\/et_pb_heading][\/et_pb_column][\/et_pb_row][et_pb_row column_structure=&#8220;1_2,1_2&#8243; _builder_version=&#8220;4.21.0&#8243; custom_width_px__hover=&#8220;1080px&#8220; custom_width_px__hover_enabled=&#8220;1080px&#8220; custom_width_percent__hover=&#8220;80%&#8220; custom_width_percent__hover_enabled=&#8220;80%&#8220; global_colors_info=&#8220;{}&#8220; use_custom_width__hover=&#8220;off&#8220; use_custom_width__hover_enabled=&#8220;off&#8220; width_unit__hover=&#8220;on&#8220; width_unit__hover_enabled=&#8220;on&#8220; gutter_width__hover=&#8220;3&#8243; gutter_width__hover_enabled=&#8220;3&#8243; parallax_1__hover=&#8220;off&#8220; parallax_1__hover_enabled=&#8220;off&#8220; parallax_2__hover=&#8220;off&#8220; parallax_2__hover_enabled=&#8220;off&#8220; parallax_3__hover=&#8220;off&#8220; parallax_3__hover_enabled=&#8220;off&#8220; parallax_4__hover=&#8220;off&#8220; parallax_4__hover_enabled=&#8220;off&#8220; parallax_5__hover=&#8220;off&#8220; parallax_5__hover_enabled=&#8220;off&#8220; parallax_6__hover=&#8220;off&#8220; parallax_6__hover_enabled=&#8220;off&#8220; parallax_method_1__hover=&#8220;on&#8220; parallax_method_1__hover_enabled=&#8220;on&#8220; parallax_method_2__hover=&#8220;on&#8220; parallax_method_2__hover_enabled=&#8220;on&#8220; parallax_method_3__hover=&#8220;on&#8220; parallax_method_3__hover_enabled=&#8220;on&#8220; parallax_method_4__hover=&#8220;on&#8220; parallax_method_4__hover_enabled=&#8220;on&#8220; parallax_method_5__hover=&#8220;on&#8220; parallax_method_5__hover_enabled=&#8220;on&#8220; parallax_method_6__hover=&#8220;on&#8220; parallax_method_6__hover_enabled=&#8220;on&#8220; use_background_color_gradient__hover=&#8220;off&#8220; use_background_color_gradient__hover_enabled=&#8220;off&#8220; background_color_gradient_start__hover=&#8220;#2b87da&#8220; background_color_gradient_start__hover_enabled=&#8220;#2b87da&#8220; background_color_gradient_end__hover=&#8220;#29c4a9&#8243; background_color_gradient_end__hover_enabled=&#8220;#29c4a9&#8243; background_color_gradient_type__hover=&#8220;linear&#8220; background_color_gradient_type__hover_enabled=&#8220;linear&#8220; background_color_gradient_direction__hover=&#8220;180deg&#8220; background_color_gradient_direction__hover_enabled=&#8220;180deg&#8220; background_color_gradient_direction_radial__hover=&#8220;center&#8220; background_color_gradient_direction_radial__hover_enabled=&#8220;center&#8220; background_color_gradient_start_position__hover=&#8220;0%&#8220; background_color_gradient_start_position__hover_enabled=&#8220;0%&#8220; background_color_gradient_end_position__hover=&#8220;100%&#8220; background_color_gradient_end_position__hover_enabled=&#8220;100%&#8220; background_color_gradient_overlays_image__hover=&#8220;off&#8220; background_color_gradient_overlays_image__hover_enabled=&#8220;off&#8220; parallax__hover=&#8220;off&#8220; parallax__hover_enabled=&#8220;off&#8220; parallax_method__hover=&#8220;on&#8220; parallax_method__hover_enabled=&#8220;on&#8220; background_size__hover=&#8220;cover&#8220; background_size__hover_enabled=&#8220;cover&#8220; background_position__hover=&#8220;center&#8220; background_position__hover_enabled=&#8220;center&#8220; background_repeat__hover=&#8220;no-repeat&#8220; background_repeat__hover_enabled=&#8220;no-repeat&#8220; background_blend__hover=&#8220;normal&#8220; background_blend__hover_enabled=&#8220;normal&#8220; allow_player_pause__hover=&#8220;off&#8220; allow_player_pause__hover_enabled=&#8220;off&#8220; background_video_pause_outside_viewport__hover=&#8220;on&#8220; background_video_pause_outside_viewport__hover_enabled=&#8220;on&#8220; make_fullwidth__hover=&#8220;off&#8220; make_fullwidth__hover_enabled=&#8220;off&#8220; use_custom_gutter__hover=&#8220;off&#8220; use_custom_gutter__hover_enabled=&#8220;off&#8220; make_equal__hover=&#8220;off&#8220; make_equal__hover_enabled=&#8220;off&#8220; border_radii__hover=&#8220;on||||&#8220; border_radii__hover_enabled=&#8220;on||||&#8220; box_shadow_style__hover=&#8220;none&#8220; box_shadow_style__hover_enabled=&#8220;none&#8220; box_shadow_color__hover=&#8220;rgba(0,0,0,0.3)&#8220; box_shadow_color__hover_enabled=&#8220;rgba(0,0,0,0.3)&#8220; filter_hue_rotate__hover=&#8220;0deg&#8220; filter_hue_rotate__hover_enabled=&#8220;0deg&#8220; filter_saturate__hover=&#8220;100%&#8220; filter_saturate__hover_enabled=&#8220;100%&#8220; filter_brightness__hover=&#8220;100%&#8220; filter_brightness__hover_enabled=&#8220;100%&#8220; filter_contrast__hover=&#8220;100%&#8220; filter_contrast__hover_enabled=&#8220;100%&#8220; filter_invert__hover=&#8220;0%&#8220; filter_invert__hover_enabled=&#8220;0%&#8220; filter_sepia__hover=&#8220;0%&#8220; filter_sepia__hover_enabled=&#8220;0%&#8220; filter_opacity__hover=&#8220;100%&#8220; filter_opacity__hover_enabled=&#8220;100%&#8220; filter_blur__hover=&#8220;0px&#8220; filter_blur__hover_enabled=&#8220;0px&#8220; mix_blend_mode__hover=&#8220;normal&#8220; mix_blend_mode__hover_enabled=&#8220;normal&#8220; animation_style__hover=&#8220;none&#8220; animation_style__hover_enabled=&#8220;none&#8220; animation_repeat__hover=&#8220;once&#8220; animation_repeat__hover_enabled=&#8220;once&#8220; animation_direction__hover=&#8220;center&#8220; animation_direction__hover_enabled=&#8220;center&#8220; animation_duration__hover=&#8220;1000ms&#8220; animation_duration__hover_enabled=&#8220;1000ms&#8220; animation_delay__hover=&#8220;0ms&#8220; animation_delay__hover_enabled=&#8220;0ms&#8220; animation_intensity_slide__hover=&#8220;50%&#8220; animation_intensity_slide__hover_enabled=&#8220;50%&#8220; animation_intensity_zoom__hover=&#8220;50%&#8220; animation_intensity_zoom__hover_enabled=&#8220;50%&#8220; animation_intensity_flip__hover=&#8220;50%&#8220; animation_intensity_flip__hover_enabled=&#8220;50%&#8220; animation_intensity_fold__hover=&#8220;50%&#8220; animation_intensity_fold__hover_enabled=&#8220;50%&#8220; animation_intensity_roll__hover=&#8220;50%&#8220; animation_intensity_roll__hover_enabled=&#8220;50%&#8220; animation_starting_opacity__hover=&#8220;0%&#8220; animation_starting_opacity__hover_enabled=&#8220;0%&#8220; animation_speed_curve__hover=&#8220;ease-in-out&#8220; animation_speed_curve__hover_enabled=&#8220;ease-in-out&#8220; hover_transition_duration__hover=&#8220;300ms&#8220; hover_transition_duration__hover_enabled=&#8220;300ms&#8220; hover_transition_delay__hover=&#8220;0ms&#8220; hover_transition_delay__hover_enabled=&#8220;0ms&#8220; hover_transition_speed_curve__hover=&#8220;ease&#8220; hover_transition_speed_curve__hover_enabled=&#8220;ease&#8220; background_color_gradient_stops__hover=&#8220;#2b87da 0%|#29c4a9 100%&#8220;][et_pb_column type=&#8220;1_2&#8243; _builder_version=&#8220;4.16&#8243; custom_padding=&#8220;|||&#8220; global_colors_info=&#8220;{}&#8220; custom_padding__hover=&#8220;|||&#8220;][et_pb_image src=&#8220;https:\/\/artgedeck.de\/wp-content\/uploads\/2023\/08\/Bild-6.jpg&#8220; alt=&#8220;Vorlesende Frau mit Hut in einem Sessel vor einem Kamin&#8220; title_text=&#8220;Bild 6&#8243; _builder_version=&#8220;4.22.0&#8243; _module_preset=&#8220;default&#8220; global_colors_info=&#8220;{}&#8220;][\/et_pb_image][\/et_pb_column][et_pb_column type=&#8220;1_2&#8243; _builder_version=&#8220;4.21.0&#8243; custom_padding_tablet=&#8220;0px||&#8220; custom_padding_phone=&#8220;0px||&#8220; custom_padding_last_edited=&#8220;on|tablet&#8220; global_colors_info=&#8220;{}&#8220; custom_padding__hover=&#8220;|||&#8220;][et_pb_text _builder_version=&#8220;4.23.1&#8243; _module_preset=&#8220;default&#8220; custom_margin=&#8220;88px||||false|false&#8220; custom_margin_tablet=&#8220;88px||||false|false&#8220; custom_margin_phone=&#8220;0px||||false|false&#8220; custom_margin_last_edited=&#8220;on|desktop&#8220; custom_padding=&#8220;|100px||100px|false|true&#8220; custom_padding_tablet=&#8220;|100px||100px|false|true&#8220; custom_padding_phone=&#8220;|0px||0px|false|true&#8220; custom_padding_last_edited=&#8220;on|desktop&#8220; hover_enabled=&#8220;0&#8243; global_colors_info=&#8220;{}&#8220; sticky_enabled=&#8220;0&#8243;]<p>Aqu\u00ed encontrar\u00e1s historias que yo mismo he vivido. En realidad, deber\u00eda recalcar constantemente que todo sucedi\u00f3 exactamente igual o que la historia es cierta. Pero eso interrumpir\u00eda el flujo narrativo y en algunos lugares ser\u00eda simplemente mentira. He cambiado los hechos reales para que se conviertan en una historia que se pueda contar. Por desgracia, la realidad suele ser terriblemente aburrida.<\/p>\n<p>Como algunas personas prefieren escuchar a leer, he grabado las historias en alem\u00e1n. Espero que disfrutes ley\u00e9ndolas y\/o escuch\u00e1ndolas.<\/p>[\/et_pb_text][\/et_pb_column][\/et_pb_row][et_pb_row _builder_version=&#8220;4.22.0&#8243; _module_preset=&#8220;default&#8220; global_colors_info=&#8220;{}&#8220;][et_pb_column type=&#8220;4_4&#8243; _builder_version=&#8220;4.22.0&#8243; _module_preset=&#8220;default&#8220; global_colors_info=&#8220;{}&#8220;][et_pb_text _builder_version=&#8220;4.22.0&#8243; _module_preset=&#8220;default&#8220; background_color=&#8220;#e5e5e5&#8243; custom_padding=&#8220;6px|5px|||false|false&#8220; global_colors_info=&#8220;{}&#8220;]<h1 style=\"text-align: right;\"><a href=\"https:\/\/artgedeck.de\/es\/italienische-reise\/\"><span style=\"text-decoration: underline; color: #808080;\">Viaje a Italia<\/span><\/a><\/h1>[\/et_pb_text][\/et_pb_column][\/et_pb_row][et_pb_row _builder_version=&#8220;4.22.0&#8243; _module_preset=&#8220;default&#8220; global_colors_info=&#8220;{}&#8220;][et_pb_column type=&#8220;4_4&#8243; _builder_version=&#8220;4.22.0&#8243; _module_preset=&#8220;default&#8220; global_colors_info=&#8220;{}&#8220;][et_pb_text _builder_version=&#8220;4.23&#8243; _module_preset=&#8220;default&#8220; background_color=&#8220;#e5e5e5&#8243; custom_padding=&#8220;6px|5px|||false|false&#8220; custom_padding_tablet=&#8220;6px|5px|||false|false&#8220; custom_padding_phone=&#8220;6px|5px|||false|false&#8220; custom_padding_last_edited=&#8220;on|phone&#8220; global_colors_info=&#8220;{}&#8220;]<h1 style=\"text-align: right;\"><a href=\"https:\/\/artgedeck.de\/es\/das-azorenhoch\/\"><span style=\"text-decoration: underline; color: #808080;\">El Alto de las Azores<\/span><\/a><\/h1>[\/et_pb_text][\/et_pb_column][\/et_pb_row][\/et_pb_section]","protected":false},"excerpt":{"rendered":"<p>Hier findet ihr selbst erlebte Geschichten. Eigentlich sollte ich st\u00e4ndig betonen, dass alles genauso passiert ist, oder dass die Geschichte wahr ist. Das w\u00fcrde aber zum einen den Erz\u00e4hlfluss st\u00f6ren und w\u00e4re an einigen Stellen schlichtweg gelogen. Die tats\u00e4chlichen Ereignisse habe ich so ver\u00e4ndert, dass eine erz\u00e4hlbare Geschichte daraus wird. Die Wirklichkeit ist leider sehr [&hellip;]<\/p>","protected":false},"author":1,"featured_media":0,"parent":0,"menu_order":0,"comment_status":"closed","ping_status":"closed","template":"","meta":{"_et_pb_use_builder":"on","_et_pb_old_content":"","_et_gb_content_width":"","footnotes":""},"class_list":["post-62","page","type-page","status-publish","hentry"],"yoast_head":"<!-- This site is optimized with the Yoast SEO plugin v26.6 - https:\/\/yoast.com\/wordpress\/plugins\/seo\/ -->\n<title>Pinkys Plaudereien von Pinky auf artgedeck<\/title>\n<meta name=\"description\" content=\"Pinkys Plaudereien von Pinky auf artgedeck ist eine Sammlung von witzigen Geschichten in Tagebuchform. Neugierig? Dann klicken Sie hier!\" \/>\n<meta name=\"robots\" content=\"index, follow, max-snippet:-1, max-image-preview:large, max-video-preview:-1\" \/>\n<link rel=\"canonical\" href=\"https:\/\/artgedeck.de\/es\/pinky-plaudert\/\" \/>\n<meta property=\"og:locale\" content=\"es_ES\" \/>\n<meta property=\"og:type\" content=\"article\" \/>\n<meta property=\"og:title\" content=\"Pinkys Plaudereien von Pinky auf artgedeck\" \/>\n<meta property=\"og:description\" content=\"Pinkys Plaudereien von Pinky auf artgedeck ist eine Sammlung von witzigen Geschichten in Tagebuchform. Neugierig? Dann klicken Sie hier!\" \/>\n<meta property=\"og:url\" content=\"https:\/\/artgedeck.de\/es\/pinky-plaudert\/\" \/>\n<meta property=\"og:site_name\" content=\"ARTGedeck\" \/>\n<meta property=\"article:modified_time\" content=\"2026-01-18T11:12:20+00:00\" \/>\n<meta name=\"twitter:card\" content=\"summary_large_image\" \/>\n<meta name=\"twitter:label1\" content=\"Tiempo de lectura\" \/>\n\t<meta name=\"twitter:data1\" content=\"1 minuto\" \/>\n<script type=\"application\/ld+json\" class=\"yoast-schema-graph\">{\"@context\":\"https:\/\/schema.org\",\"@graph\":[{\"@type\":\"WebPage\",\"@id\":\"https:\/\/artgedeck.de\/pinky-plaudert\/\",\"url\":\"https:\/\/artgedeck.de\/pinky-plaudert\/\",\"name\":\"Pinkys Plaudereien von Pinky auf artgedeck\",\"isPartOf\":{\"@id\":\"https:\/\/artgedeck.de\/#website\"},\"datePublished\":\"2023-06-22T18:12:14+00:00\",\"dateModified\":\"2026-01-18T11:12:20+00:00\",\"description\":\"Pinkys Plaudereien von Pinky auf artgedeck ist eine Sammlung von witzigen Geschichten in Tagebuchform. Neugierig? Dann klicken Sie hier!\",\"breadcrumb\":{\"@id\":\"https:\/\/artgedeck.de\/pinky-plaudert\/#breadcrumb\"},\"inLanguage\":\"es\",\"potentialAction\":[{\"@type\":\"ReadAction\",\"target\":[\"https:\/\/artgedeck.de\/pinky-plaudert\/\"]}]},{\"@type\":\"BreadcrumbList\",\"@id\":\"https:\/\/artgedeck.de\/pinky-plaudert\/#breadcrumb\",\"itemListElement\":[{\"@type\":\"ListItem\",\"position\":1,\"name\":\"Startseite\",\"item\":\"https:\/\/artgedeck.de\/de_de\/\"},{\"@type\":\"ListItem\",\"position\":2,\"name\":\"Pinky plaudert\"}]},{\"@type\":\"WebSite\",\"@id\":\"https:\/\/artgedeck.de\/#website\",\"url\":\"https:\/\/artgedeck.de\/\",\"name\":\"ARTGedeck\",\"description\":\"\",\"potentialAction\":[{\"@type\":\"SearchAction\",\"target\":{\"@type\":\"EntryPoint\",\"urlTemplate\":\"https:\/\/artgedeck.de\/?s={search_term_string}\"},\"query-input\":{\"@type\":\"PropertyValueSpecification\",\"valueRequired\":true,\"valueName\":\"search_term_string\"}}],\"inLanguage\":\"es\"}]}<\/script>\n<!-- \/ Yoast SEO plugin. -->","yoast_head_json":{"title":"Pinkys Plaudereien von Pinky auf artgedeck","description":"Pinkys Plaudereien von Pinky auf artgedeck ist eine Sammlung von witzigen Geschichten in Tagebuchform. Neugierig? Dann klicken Sie hier!","robots":{"index":"index","follow":"follow","max-snippet":"max-snippet:-1","max-image-preview":"max-image-preview:large","max-video-preview":"max-video-preview:-1"},"canonical":"https:\/\/artgedeck.de\/es\/pinky-plaudert\/","og_locale":"es_ES","og_type":"article","og_title":"Pinkys Plaudereien von Pinky auf artgedeck","og_description":"Pinkys Plaudereien von Pinky auf artgedeck ist eine Sammlung von witzigen Geschichten in Tagebuchform. Neugierig? Dann klicken Sie hier!","og_url":"https:\/\/artgedeck.de\/es\/pinky-plaudert\/","og_site_name":"ARTGedeck","article_modified_time":"2026-01-18T11:12:20+00:00","twitter_card":"summary_large_image","twitter_misc":{"Tiempo de lectura":"1 minuto"},"schema":{"@context":"https:\/\/schema.org","@graph":[{"@type":"WebPage","@id":"https:\/\/artgedeck.de\/pinky-plaudert\/","url":"https:\/\/artgedeck.de\/pinky-plaudert\/","name":"Pinkys Plaudereien von Pinky auf artgedeck","isPartOf":{"@id":"https:\/\/artgedeck.de\/#website"},"datePublished":"2023-06-22T18:12:14+00:00","dateModified":"2026-01-18T11:12:20+00:00","description":"Pinkys Plaudereien von Pinky auf artgedeck ist eine Sammlung von witzigen Geschichten in Tagebuchform. Neugierig? Dann klicken Sie hier!","breadcrumb":{"@id":"https:\/\/artgedeck.de\/pinky-plaudert\/#breadcrumb"},"inLanguage":"es","potentialAction":[{"@type":"ReadAction","target":["https:\/\/artgedeck.de\/pinky-plaudert\/"]}]},{"@type":"BreadcrumbList","@id":"https:\/\/artgedeck.de\/pinky-plaudert\/#breadcrumb","itemListElement":[{"@type":"ListItem","position":1,"name":"Startseite","item":"https:\/\/artgedeck.de\/de_de\/"},{"@type":"ListItem","position":2,"name":"Pinky plaudert"}]},{"@type":"WebSite","@id":"https:\/\/artgedeck.de\/#website","url":"https:\/\/artgedeck.de\/","name":"ARTGedeck","description":"","potentialAction":[{"@type":"SearchAction","target":{"@type":"EntryPoint","urlTemplate":"https:\/\/artgedeck.de\/?s={search_term_string}"},"query-input":{"@type":"PropertyValueSpecification","valueRequired":true,"valueName":"search_term_string"}}],"inLanguage":"es"}]}},"_links":{"self":[{"href":"https:\/\/artgedeck.de\/es\/wp-json\/wp\/v2\/pages\/62","targetHints":{"allow":["GET"]}}],"collection":[{"href":"https:\/\/artgedeck.de\/es\/wp-json\/wp\/v2\/pages"}],"about":[{"href":"https:\/\/artgedeck.de\/es\/wp-json\/wp\/v2\/types\/page"}],"author":[{"embeddable":true,"href":"https:\/\/artgedeck.de\/es\/wp-json\/wp\/v2\/users\/1"}],"replies":[{"embeddable":true,"href":"https:\/\/artgedeck.de\/es\/wp-json\/wp\/v2\/comments?post=62"}],"version-history":[{"count":16,"href":"https:\/\/artgedeck.de\/es\/wp-json\/wp\/v2\/pages\/62\/revisions"}],"predecessor-version":[{"id":2587,"href":"https:\/\/artgedeck.de\/es\/wp-json\/wp\/v2\/pages\/62\/revisions\/2587"}],"wp:attachment":[{"href":"https:\/\/artgedeck.de\/es\/wp-json\/wp\/v2\/media?parent=62"}],"curies":[{"name":"wp","href":"https:\/\/api.w.org\/{rel}","templated":true}]}}