{"id":2895,"date":"2026-01-29T09:11:52","date_gmt":"2026-01-29T09:11:52","guid":{"rendered":"https:\/\/artgedeck.de\/?page_id=2895"},"modified":"2026-01-29T09:19:19","modified_gmt":"2026-01-29T09:19:19","slug":"behind-the-scenes-tag-16-die-konflikte","status":"publish","type":"page","link":"https:\/\/artgedeck.de\/de_de\/behind-the-scenes-tag-16-die-konflikte\/","title":{"rendered":"behind-the-scenes-tag-16-die-konflikte"},"content":{"rendered":"<p>[et_pb_section fb_built=&#8220;1&#8243; fullwidth=&#8220;on&#8220; disabled_on=&#8220;off|off|off&#8220; admin_label=&#8220;Main Slider&#8220; _builder_version=&#8220;4.22.0&#8243; _module_preset=&#8220;default&#8220; hover_transition_duration=&#8220;500ms&#8220; hover_transition_delay=&#8220;50ms&#8220; global_module=&#8220;251&#8243; saved_tabs=&#8220;all&#8220; global_colors_info=&#8220;{}&#8220;][et_pb_fullwidth_slider _builder_version=&#8220;4.23.1&#8243; _module_preset=&#8220;default&#8220; background_enable_image=&#8220;off&#8220; height=&#8220;550px&#8220; height_tablet=&#8220;450px&#8220; height_phone=&#8220;265px&#8220; height_last_edited=&#8220;on|desktop&#8220; global_colors_info=&#8220;{}&#8220;][et_pb_slide _builder_version=&#8220;4.22.0&#8243; _module_preset=&#8220;default&#8220; background_image=&#8220;https:\/\/artgedeck.de\/wp-content\/uploads\/2023\/10\/startbild_Gallerie_1.jpg&#8220; background_enable_image=&#8220;on&#8220; global_colors_info=&#8220;{}&#8220; sticky_transition=&#8220;on&#8220;][\/et_pb_slide][et_pb_slide _builder_version=&#8220;4.22.0&#8243; _module_preset=&#8220;default&#8220; background_image=&#8220;https:\/\/artgedeck.de\/wp-content\/uploads\/2023\/10\/Banner-breit-Italien.jpg&#8220; background_enable_image=&#8220;on&#8220; global_colors_info=&#8220;{}&#8220; sticky_transition=&#8220;on&#8220;][\/et_pb_slide][et_pb_slide _builder_version=&#8220;4.22.0&#8243; _module_preset=&#8220;default&#8220; background_image=&#8220;https:\/\/artgedeck.de\/wp-content\/uploads\/2023\/10\/Banner-BlaueGrotte.jpg&#8220; background_enable_image=&#8220;on&#8220; global_colors_info=&#8220;{}&#8220; sticky_transition=&#8220;on&#8220;][\/et_pb_slide][et_pb_slide _builder_version=&#8220;4.22.0&#8243; _module_preset=&#8220;default&#8220; background_image=&#8220;https:\/\/artgedeck.de\/wp-content\/uploads\/2023\/10\/Banner-breit-Pompeji.jpg&#8220; background_enable_image=&#8220;on&#8220; global_colors_info=&#8220;{}&#8220; sticky_transition=&#8220;on&#8220;][\/et_pb_slide][et_pb_slide _builder_version=&#8220;4.22.0&#8243; _module_preset=&#8220;default&#8220; background_image=&#8220;https:\/\/artgedeck.de\/wp-content\/uploads\/2023\/10\/Banner-breit-Azorenhoch.jpg&#8220; background_enable_image=&#8220;on&#8220; global_colors_info=&#8220;{}&#8220; sticky_transition=&#8220;on&#8220;][\/et_pb_slide][et_pb_slide _builder_version=&#8220;4.22.0&#8243; _module_preset=&#8220;default&#8220; background_image=&#8220;https:\/\/artgedeck.de\/wp-content\/uploads\/2023\/10\/Banner-breit-Seefahrer.jpg&#8220; background_enable_image=&#8220;on&#8220; global_colors_info=&#8220;{}&#8220; sticky_transition=&#8220;on&#8220;][\/et_pb_slide][et_pb_slide _builder_version=&#8220;4.22.0&#8243; _module_preset=&#8220;default&#8220; background_image=&#8220;https:\/\/artgedeck.de\/wp-content\/uploads\/2023\/10\/Banner-breit-Sonnenuntergang.jpg&#8220; background_enable_image=&#8220;on&#8220; global_colors_info=&#8220;{}&#8220; sticky_transition=&#8220;on&#8220;][\/et_pb_slide][et_pb_slide _builder_version=&#8220;4.22.0&#8243; _module_preset=&#8220;default&#8220; background_image=&#8220;https:\/\/artgedeck.de\/wp-content\/uploads\/2023\/07\/werkstatt-18-1.jpeg&#8220; background_enable_image=&#8220;on&#8220; global_colors_info=&#8220;{}&#8220; sticky_transition=&#8220;on&#8220;][\/et_pb_slide][\/et_pb_fullwidth_slider][\/et_pb_section][et_pb_section fb_built=&#8220;1&#8243; admin_label=&#8220;About&#8220; _builder_version=&#8220;4.16&#8243; custom_width_px__hover=&#8220;1080px&#8220; custom_width_px__hover_enabled=&#8220;1080px&#8220; custom_width_percent__hover=&#8220;80%&#8220; custom_width_percent__hover_enabled=&#8220;80%&#8220; global_colors_info=&#8220;{}&#8220; parallax_1__hover=&#8220;off&#8220; parallax_1__hover_enabled=&#8220;off&#8220; parallax_2__hover=&#8220;off&#8220; parallax_2__hover_enabled=&#8220;off&#8220; parallax_3__hover=&#8220;off&#8220; parallax_3__hover_enabled=&#8220;off&#8220; parallax_method_1__hover=&#8220;on&#8220; parallax_method_1__hover_enabled=&#8220;on&#8220; parallax_method_2__hover=&#8220;on&#8220; parallax_method_2__hover_enabled=&#8220;on&#8220; parallax_method_3__hover=&#8220;on&#8220; parallax_method_3__hover_enabled=&#8220;on&#8220; use_background_color_gradient__hover=&#8220;off&#8220; use_background_color_gradient__hover_enabled=&#8220;off&#8220; background_color_gradient_start__hover=&#8220;#2b87da&#8220; background_color_gradient_start__hover_enabled=&#8220;#2b87da&#8220; background_color_gradient_end__hover=&#8220;#29c4a9&#8243; background_color_gradient_end__hover_enabled=&#8220;#29c4a9&#8243; background_color_gradient_type__hover=&#8220;linear&#8220; background_color_gradient_type__hover_enabled=&#8220;linear&#8220; background_color_gradient_direction__hover=&#8220;180deg&#8220; background_color_gradient_direction__hover_enabled=&#8220;180deg&#8220; background_color_gradient_direction_radial__hover=&#8220;center&#8220; background_color_gradient_direction_radial__hover_enabled=&#8220;center&#8220; background_color_gradient_start_position__hover=&#8220;0%&#8220; background_color_gradient_start_position__hover_enabled=&#8220;0%&#8220; background_color_gradient_end_position__hover=&#8220;100%&#8220; background_color_gradient_end_position__hover_enabled=&#8220;100%&#8220; background_color_gradient_overlays_image__hover=&#8220;off&#8220; background_color_gradient_overlays_image__hover_enabled=&#8220;off&#8220; allow_player_pause__hover=&#8220;off&#8220; allow_player_pause__hover_enabled=&#8220;off&#8220; background_video_pause_outside_viewport__hover=&#8220;on&#8220; background_video_pause_outside_viewport__hover_enabled=&#8220;on&#8220; inner_shadow__hover=&#8220;off&#8220; inner_shadow__hover_enabled=&#8220;off&#8220; make_fullwidth__hover=&#8220;off&#8220; make_fullwidth__hover_enabled=&#8220;off&#8220; use_custom_width__hover=&#8220;off&#8220; use_custom_width__hover_enabled=&#8220;off&#8220; width_unit__hover=&#8220;on&#8220; width_unit__hover_enabled=&#8220;on&#8220; make_equal__hover=&#8220;off&#8220; make_equal__hover_enabled=&#8220;off&#8220; use_custom_gutter__hover=&#8220;off&#8220; use_custom_gutter__hover_enabled=&#8220;off&#8220; border_radii__hover=&#8220;on||||&#8220; border_radii__hover_enabled=&#8220;on||||&#8220; box_shadow_style__hover=&#8220;none&#8220; box_shadow_style__hover_enabled=&#8220;none&#8220; box_shadow_color__hover=&#8220;rgba(0,0,0,0.3)&#8220; box_shadow_color__hover_enabled=&#8220;rgba(0,0,0,0.3)&#8220; max_width__hover=&#8220;100%&#8220; max_width__hover_enabled=&#8220;100%&#8220; filter_hue_rotate__hover=&#8220;0deg&#8220; filter_hue_rotate__hover_enabled=&#8220;0deg&#8220; filter_saturate__hover=&#8220;100%&#8220; filter_saturate__hover_enabled=&#8220;100%&#8220; filter_brightness__hover=&#8220;100%&#8220; filter_brightness__hover_enabled=&#8220;100%&#8220; filter_contrast__hover=&#8220;100%&#8220; filter_contrast__hover_enabled=&#8220;100%&#8220; filter_invert__hover=&#8220;0%&#8220; filter_invert__hover_enabled=&#8220;0%&#8220; filter_sepia__hover=&#8220;0%&#8220; filter_sepia__hover_enabled=&#8220;0%&#8220; filter_opacity__hover=&#8220;100%&#8220; filter_opacity__hover_enabled=&#8220;100%&#8220; filter_blur__hover=&#8220;0px&#8220; filter_blur__hover_enabled=&#8220;0px&#8220; mix_blend_mode__hover=&#8220;normal&#8220; mix_blend_mode__hover_enabled=&#8220;normal&#8220; animation_style__hover=&#8220;none&#8220; animation_style__hover_enabled=&#8220;none&#8220; animation_repeat__hover=&#8220;once&#8220; animation_repeat__hover_enabled=&#8220;once&#8220; animation_direction__hover=&#8220;center&#8220; animation_direction__hover_enabled=&#8220;center&#8220; animation_duration__hover=&#8220;1000ms&#8220; animation_duration__hover_enabled=&#8220;1000ms&#8220; animation_delay__hover=&#8220;0ms&#8220; animation_delay__hover_enabled=&#8220;0ms&#8220; animation_intensity_slide__hover=&#8220;50%&#8220; animation_intensity_slide__hover_enabled=&#8220;50%&#8220; animation_intensity_zoom__hover=&#8220;50%&#8220; animation_intensity_zoom__hover_enabled=&#8220;50%&#8220; animation_intensity_flip__hover=&#8220;50%&#8220; animation_intensity_flip__hover_enabled=&#8220;50%&#8220; animation_intensity_fold__hover=&#8220;50%&#8220; animation_intensity_fold__hover_enabled=&#8220;50%&#8220; animation_intensity_roll__hover=&#8220;50%&#8220; animation_intensity_roll__hover_enabled=&#8220;50%&#8220; animation_starting_opacity__hover=&#8220;0%&#8220; animation_starting_opacity__hover_enabled=&#8220;0%&#8220; animation_speed_curve__hover=&#8220;ease-in-out&#8220; animation_speed_curve__hover_enabled=&#8220;ease-in-out&#8220; hover_transition_duration__hover=&#8220;300ms&#8220; hover_transition_duration__hover_enabled=&#8220;300ms&#8220; hover_transition_delay__hover=&#8220;0ms&#8220; hover_transition_delay__hover_enabled=&#8220;0ms&#8220; hover_transition_speed_curve__hover=&#8220;ease&#8220; hover_transition_speed_curve__hover_enabled=&#8220;ease&#8220; parallax__hover=&#8220;off&#8220; parallax__hover_enabled=&#8220;off&#8220; parallax_method__hover=&#8220;on&#8220; parallax_method__hover_enabled=&#8220;on&#8220; background_size__hover=&#8220;cover&#8220; background_size__hover_enabled=&#8220;cover&#8220; background_position__hover=&#8220;center&#8220; background_position__hover_enabled=&#8220;center&#8220; background_repeat__hover=&#8220;no-repeat&#8220; background_repeat__hover_enabled=&#8220;no-repeat&#8220; background_blend__hover=&#8220;normal&#8220; background_blend__hover_enabled=&#8220;normal&#8220; background_color_gradient_stops__hover=&#8220;#2b87da 0%|#29c4a9 100%&#8220;][et_pb_row column_structure=&#8220;1_2,1_2&#8243; _builder_version=&#8220;4.22.0&#8243; _module_preset=&#8220;default&#8220; global_colors_info=&#8220;{}&#8220;][et_pb_column type=&#8220;1_2&#8243; _builder_version=&#8220;4.22.0&#8243; _module_preset=&#8220;default&#8220; global_colors_info=&#8220;{}&#8220;][et_pb_heading title=&#8220;Tag 16 \u2013 Die Konflikte&#8220; _builder_version=&#8220;4.23.1&#8243; _module_preset=&#8220;default&#8220; background_color=&#8220;#e5e5e5&#8243; custom_padding=&#8220;6px|||5px|false|false&#8220; global_colors_info=&#8220;{}&#8220;][\/et_pb_heading][\/et_pb_column][et_pb_column type=&#8220;1_2&#8243; _builder_version=&#8220;4.23.1&#8243; _module_preset=&#8220;default&#8220; global_colors_info=&#8220;{}&#8220;][et_pb_text _builder_version=&#8220;4.23.1&#8243; _module_preset=&#8220;default&#8220; background_color=&#8220;#e5e5e5&#8243; custom_padding=&#8220;6px|5px|||false|false&#8220; global_colors_info=&#8220;{}&#8220;]<\/p>\n<h1 style=\"text-align: right;\"><span style=\"color: #808080;\"><a href=\"https:\/\/artgedeck.de\/de_de\/pinky-erzaehlt\/\" style=\"color: #808080;\">Zur\u00fcck zu Pinky erz\u00e4hlt<\/a><\/span><\/h1>\n<p>[\/et_pb_text][\/et_pb_column][\/et_pb_row][et_pb_row column_structure=&#8220;1_3,1_3,1_3&#8243; _builder_version=&#8220;4.23.1&#8243; _module_preset=&#8220;default&#8220; custom_margin=&#8220;|||135px|false|false&#8220; custom_margin_tablet=&#8220;|||135px|false|false&#8220; custom_margin_phone=&#8220;|||5px|false|false&#8220; custom_margin_last_edited=&#8220;on|phone&#8220; global_colors_info=&#8220;{}&#8220;][et_pb_column type=&#8220;1_3&#8243; _builder_version=&#8220;4.23.1&#8243; _module_preset=&#8220;default&#8220; global_colors_info=&#8220;{}&#8220;][et_pb_image src=&#8220;https:\/\/artgedeck.de\/wp-content\/uploads\/2026\/01\/Tag-16-\u2013-Spinne.png&#8220; title_text=&#8220;Tag 16 \u2013 Spinne&#8220; _builder_version=&#8220;4.23.1&#8243; _module_preset=&#8220;default&#8220; custom_margin=&#8220;|90px||-90px|false|false&#8220; custom_margin_tablet=&#8220;|90px||-90px|false|false&#8220; custom_margin_phone=&#8220;|0px||0px|false|false&#8220; custom_margin_last_edited=&#8220;on|phone&#8220; global_colors_info=&#8220;{}&#8220;][\/et_pb_image][\/et_pb_column][et_pb_column type=&#8220;1_3&#8243; _builder_version=&#8220;4.23.1&#8243; _module_preset=&#8220;default&#8220; global_colors_info=&#8220;{}&#8220;][et_pb_image src=&#8220;https:\/\/artgedeck.de\/wp-content\/uploads\/2026\/01\/Tag-16-\u2013-Eichhoernchen.png&#8220; title_text=&#8220;Tag 16 \u2013 Eichh\u00f6rnchen&#8220; _builder_version=&#8220;4.23.1&#8243; _module_preset=&#8220;default&#8220; custom_margin=&#8220;-40px|-31px||-42px|false|false&#8220; custom_margin_tablet=&#8220;-40px|-31px||-42px|false|false&#8220; custom_margin_phone=&#8220;||-55px|-2px|false|false&#8220; custom_margin_last_edited=&#8220;on|phone&#8220; global_colors_info=&#8220;{}&#8220;][\/et_pb_image][\/et_pb_column][et_pb_column type=&#8220;1_3&#8243; _builder_version=&#8220;4.23.1&#8243; _module_preset=&#8220;default&#8220; global_colors_info=&#8220;{}&#8220;][et_pb_image src=&#8220;https:\/\/artgedeck.de\/wp-content\/uploads\/2026\/01\/Tag-16-\u2013-Schneemann.png&#8220; title_text=&#8220;Tag 16 \u2013 Schneemann&#8220; _builder_version=&#8220;4.23.1&#8243; _module_preset=&#8220;default&#8220; custom_margin=&#8220;|-80px||80px|false|false&#8220; custom_margin_tablet=&#8220;|-80px||80px|false|false&#8220; custom_margin_phone=&#8220;|-15px||15px|false|false&#8220; custom_margin_last_edited=&#8220;on|phone&#8220; global_colors_info=&#8220;{}&#8220;][\/et_pb_image][\/et_pb_column][\/et_pb_row][et_pb_row column_structure=&#8220;1_4,1_2,1_4&#8243; _builder_version=&#8220;4.23.1&#8243; _module_preset=&#8220;default&#8220; global_colors_info=&#8220;{}&#8220;][et_pb_column type=&#8220;1_4&#8243; _builder_version=&#8220;4.23.1&#8243; _module_preset=&#8220;default&#8220; global_colors_info=&#8220;{}&#8220;][et_pb_image src=&#8220;https:\/\/artgedeck.de\/wp-content\/uploads\/2026\/01\/Tag-16-\u2013-Hund.png&#8220; title_text=&#8220;Tag 16 \u2013 Hund&#8220; _builder_version=&#8220;4.23.1&#8243; _module_preset=&#8220;default&#8220; custom_margin=&#8220;|-50px|||false|false&#8220; custom_margin_tablet=&#8220;|-50px|||false|false&#8220; custom_margin_phone=&#8220;-65px|0px|||false|false&#8220; custom_margin_last_edited=&#8220;on|desktop&#8220; global_colors_info=&#8220;{}&#8220;][\/et_pb_image][et_pb_image src=&#8220;https:\/\/artgedeck.de\/wp-content\/uploads\/2026\/01\/Tag-16-\u2013-Katze.png&#8220; title_text=&#8220;Tag 16 \u2013 Katze&#8220; _builder_version=&#8220;4.23.1&#8243; _module_preset=&#8220;default&#8220; custom_margin=&#8220;70px|-54px|0px|0px|false|false&#8220; custom_margin_tablet=&#8220;70px|-54px|0px|0px|false|false&#8220; custom_margin_phone=&#8220;-86px|-17px||-16px|false|false&#8220; custom_margin_last_edited=&#8220;on|phone&#8220; global_colors_info=&#8220;{}&#8220;][\/et_pb_image][\/et_pb_column][et_pb_column type=&#8220;1_2&#8243; _builder_version=&#8220;4.23.1&#8243; _module_preset=&#8220;default&#8220; global_colors_info=&#8220;{}&#8220;][et_pb_text _builder_version=&#8220;4.23.1&#8243; _module_preset=&#8220;default&#8220; custom_margin=&#8220;|0px||40px|false|false&#8220; global_colors_info=&#8220;{}&#8220;]<\/p>\n<p>Frau Kraus ist immer noch sauer. Sie murmelt etwas von mangelnder Arbeitsbereitschaft. Von wem sie da wohl spricht? In ihrem Buch \u201eEin Roman in 60 Tagen\u201c weist sie eingehend daraufhin, dass jede Geschichte von Konflikten lebt.<\/p>\n<p>Wer einen Konflikt l\u00f6st, erzeugt einen neuen, meint sie.<\/p>\n<p>Wo sie das wohl herhat? Kein Wunder, dass sie schlecht gelaunt ist, wenn sie immer Stress hat.<\/p>\n<p>Der Alltag liefert keine h\u00f6renswerten Geschichten, meint sie.<\/p>\n<p>Ich denke dar\u00fcber nach. Eine Geschichte \u00fcber den Kauf eines Glases Gurken wird erst dann interessant, wenn das Glas zumindest runterf\u00e4llt und zerbricht. Sobald jemand dazukommt, der auf einer Gurke ausrutscht, gewinnt man Zuh\u00f6rer. Das sollte m\u00f6glichst ein bekannter Schauspieler oder S\u00e4nger sein, dann kommen Reporter und vielleicht das Fernsehen.<\/p>\n<p>Jetzt hab ich verstanden, was sie meint. Keinen interessiert, wenn ich Gurken kaufe. Noch nicht mal den Bauern, der die Gurken anbaut. Erst wenn seine Gurken in der Nachrichtensendung auftauchen, weil ich so ungeschickt war und es ausgerechnet in dem Moment\u00a0 fallen gelassen habe, bevor Julia Roberts im Laden aufgetaucht ist, freut er sich. Aber wahrscheinlich nur so lange, bis er daf\u00fcr vor Gericht erscheinen muss, weil man auf seinen Gurken ausrutschen kann und er nicht ausdr\u00fccklich davor gewarnt hat.<\/p>\n<p>Ich glaube, ich streiche besser die Essiggurken von meinem Einkaufszettel. Ich will doch nicht, dass der Gurkenbauer \u00c4rger bekommt.<\/p>\n<p>[\/et_pb_text][\/et_pb_column][et_pb_column type=&#8220;1_4&#8243; _builder_version=&#8220;4.23.1&#8243; _module_preset=&#8220;default&#8220; global_colors_info=&#8220;{}&#8220;][et_pb_image src=&#8220;https:\/\/artgedeck.de\/wp-content\/uploads\/2026\/01\/Tag-16-\u2013-Katze-mit-Decke.png&#8220; title_text=&#8220;Tag 16 \u2013 Katze mit Decke&#8220; _builder_version=&#8220;4.23.1&#8243; _module_preset=&#8220;default&#8220; custom_margin=&#8220;|-67px|||false|false&#8220; custom_margin_tablet=&#8220;|-67px|||false|false&#8220; custom_margin_phone=&#8220;|-17px|||false|false&#8220; custom_margin_last_edited=&#8220;on|phone&#8220; global_colors_info=&#8220;{}&#8220;][\/et_pb_image][et_pb_image src=&#8220;https:\/\/artgedeck.de\/wp-content\/uploads\/2026\/01\/Tag-16-\u2013-graue-Katze.png&#8220; title_text=&#8220;Tag 16 \u2013 graue Katze&#8220; _builder_version=&#8220;4.23.1&#8243; _module_preset=&#8220;default&#8220; custom_margin=&#8220;70px|-54px|0px|0px|false|false&#8220; custom_margin_tablet=&#8220;70px|-54px|0px|0px|false|false&#8220; custom_margin_phone=&#8220;-86px|-18px||-18px|false|false&#8220; custom_margin_last_edited=&#8220;on|phone&#8220; global_colors_info=&#8220;{}&#8220;][\/et_pb_image][\/et_pb_column][\/et_pb_row][et_pb_row column_structure=&#8220;1_2,1_2&#8243; _builder_version=&#8220;4.22.0&#8243; _module_preset=&#8220;default&#8220; global_colors_info=&#8220;{}&#8220;][et_pb_column type=&#8220;1_2&#8243; _builder_version=&#8220;4.23.1&#8243; _module_preset=&#8220;default&#8220; global_colors_info=&#8220;{}&#8220;][et_pb_text _builder_version=&#8220;4.23.1&#8243; _module_preset=&#8220;default&#8220; background_color=&#8220;#e5e5e5&#8243; custom_padding=&#8220;6px|5px||7px|false|false&#8220; hover_enabled=&#8220;0&#8243; global_colors_info=&#8220;{}&#8220; sticky_enabled=&#8220;0&#8243;]<\/p>\n<h1 style=\"text-align: left;\"><a href=\"https:\/\/artgedeck.de\/behind-the-scenes-tag-15-die-recherche-ii\/\"><span style=\"text-decoration: underline; color: #808080;\">Ta<\/span><span style=\"text-decoration: underline; color: #808080;\">g 15<\/span><span style=\"text-decoration: underline; color: #808080;\"> \u2013 Die Recherche II<\/span><\/a><\/h1>\n<p>[\/et_pb_text][\/et_pb_column][et_pb_column type=&#8220;1_2&#8243; _builder_version=&#8220;4.22.0&#8243; _module_preset=&#8220;default&#8220; global_colors_info=&#8220;{}&#8220;][et_pb_text _builder_version=&#8220;4.23.1&#8243; _module_preset=&#8220;default&#8220; background_color=&#8220;#e5e5e5&#8243; custom_padding=&#8220;6px|5px|||false|false&#8220; global_colors_info=&#8220;{}&#8220;]<\/p>\n<h1 style=\"text-align: right;\"><span style=\"text-decoration: underline; color: #808080;\">Ta<\/span><span style=\"text-decoration: underline; color: #808080;\">g 17<\/span><span style=\"text-decoration: underline; color: #808080;\"> \u2013 Der Plot<\/span><\/h1>\n<p>[\/et_pb_text][\/et_pb_column][\/et_pb_row][\/et_pb_section]<\/p>\n","protected":false},"excerpt":{"rendered":"<p>Zur\u00fcck zu Pinky erz\u00e4hltFrau Kraus ist immer noch sauer. Sie murmelt etwas von mangelnder Arbeitsbereitschaft. Von wem sie da wohl spricht? In ihrem Buch \u201eEin Roman in 60 Tagen\u201c weist sie eingehend daraufhin, dass jede Geschichte von Konflikten lebt. Wer einen Konflikt l\u00f6st, erzeugt einen neuen, meint sie. Wo sie das wohl herhat? Kein Wunder, [&hellip;]<\/p>\n","protected":false},"author":2,"featured_media":0,"parent":0,"menu_order":0,"comment_status":"closed","ping_status":"closed","template":"","meta":{"_et_pb_use_builder":"on","_et_pb_old_content":"","_et_gb_content_width":"","footnotes":""},"class_list":["post-2895","page","type-page","status-publish","hentry"],"yoast_head":"<!-- This site is optimized with the Yoast SEO plugin v26.6 - https:\/\/yoast.com\/wordpress\/plugins\/seo\/ -->\n<title>Behind the Scenes - Die Konflikte von Pinky auf artgedeck<\/title>\n<meta name=\"description\" content=\"ARTgedeck beschreibt am sechzehnten Tag, vorkommende Konflikte und deren Aufl\u00f6sung. Interessiert? Klicke hier!\" \/>\n<meta name=\"robots\" content=\"index, follow, max-snippet:-1, max-image-preview:large, max-video-preview:-1\" \/>\n<link rel=\"canonical\" href=\"https:\/\/artgedeck.de\/de_de\/behind-the-scenes-tag-16-die-konflikte\/\" \/>\n<meta property=\"og:locale\" content=\"de_DE\" \/>\n<meta property=\"og:type\" content=\"article\" \/>\n<meta property=\"og:title\" content=\"Behind the Scenes - Die Konflikte von Pinky auf artgedeck\" \/>\n<meta property=\"og:description\" content=\"ARTgedeck beschreibt am sechzehnten Tag, vorkommende Konflikte und deren Aufl\u00f6sung. Interessiert? Klicke hier!\" \/>\n<meta property=\"og:url\" content=\"https:\/\/artgedeck.de\/de_de\/behind-the-scenes-tag-16-die-konflikte\/\" \/>\n<meta property=\"og:site_name\" content=\"ARTGedeck\" \/>\n<meta property=\"article:modified_time\" content=\"2026-01-29T09:19:19+00:00\" \/>\n<meta name=\"twitter:card\" content=\"summary_large_image\" \/>\n<meta name=\"twitter:label1\" content=\"Gesch\u00e4tzte Lesezeit\" \/>\n\t<meta name=\"twitter:data1\" content=\"2\u00a0Minuten\" \/>\n<script type=\"application\/ld+json\" class=\"yoast-schema-graph\">{\"@context\":\"https:\/\/schema.org\",\"@graph\":[{\"@type\":\"WebPage\",\"@id\":\"https:\/\/artgedeck.de\/de_de\/behind-the-scenes-tag-16-die-konflikte\/\",\"url\":\"https:\/\/artgedeck.de\/de_de\/behind-the-scenes-tag-16-die-konflikte\/\",\"name\":\"Behind the Scenes - Die Konflikte von Pinky auf artgedeck\",\"isPartOf\":{\"@id\":\"https:\/\/artgedeck.de\/#website\"},\"datePublished\":\"2026-01-29T09:11:52+00:00\",\"dateModified\":\"2026-01-29T09:19:19+00:00\",\"description\":\"ARTgedeck beschreibt am sechzehnten Tag, vorkommende Konflikte und deren Aufl\u00f6sung. Interessiert? Klicke hier!\",\"breadcrumb\":{\"@id\":\"https:\/\/artgedeck.de\/de_de\/behind-the-scenes-tag-16-die-konflikte\/#breadcrumb\"},\"inLanguage\":\"de\",\"potentialAction\":[{\"@type\":\"ReadAction\",\"target\":[\"https:\/\/artgedeck.de\/de_de\/behind-the-scenes-tag-16-die-konflikte\/\"]}]},{\"@type\":\"BreadcrumbList\",\"@id\":\"https:\/\/artgedeck.de\/de_de\/behind-the-scenes-tag-16-die-konflikte\/#breadcrumb\",\"itemListElement\":[{\"@type\":\"ListItem\",\"position\":1,\"name\":\"Startseite\",\"item\":\"https:\/\/artgedeck.de\/de_de\/\"},{\"@type\":\"ListItem\",\"position\":2,\"name\":\"behind-the-scenes-tag-16-die-konflikte\"}]},{\"@type\":\"WebSite\",\"@id\":\"https:\/\/artgedeck.de\/#website\",\"url\":\"https:\/\/artgedeck.de\/\",\"name\":\"ARTGedeck\",\"description\":\"\",\"potentialAction\":[{\"@type\":\"SearchAction\",\"target\":{\"@type\":\"EntryPoint\",\"urlTemplate\":\"https:\/\/artgedeck.de\/?s={search_term_string}\"},\"query-input\":{\"@type\":\"PropertyValueSpecification\",\"valueRequired\":true,\"valueName\":\"search_term_string\"}}],\"inLanguage\":\"de\"}]}<\/script>\n<!-- \/ Yoast SEO plugin. -->","yoast_head_json":{"title":"Behind the Scenes - Die Konflikte von Pinky auf artgedeck","description":"ARTgedeck beschreibt am sechzehnten Tag, vorkommende Konflikte und deren Aufl\u00f6sung. Interessiert? Klicke hier!","robots":{"index":"index","follow":"follow","max-snippet":"max-snippet:-1","max-image-preview":"max-image-preview:large","max-video-preview":"max-video-preview:-1"},"canonical":"https:\/\/artgedeck.de\/de_de\/behind-the-scenes-tag-16-die-konflikte\/","og_locale":"de_DE","og_type":"article","og_title":"Behind the Scenes - Die Konflikte von Pinky auf artgedeck","og_description":"ARTgedeck beschreibt am sechzehnten Tag, vorkommende Konflikte und deren Aufl\u00f6sung. Interessiert? Klicke hier!","og_url":"https:\/\/artgedeck.de\/de_de\/behind-the-scenes-tag-16-die-konflikte\/","og_site_name":"ARTGedeck","article_modified_time":"2026-01-29T09:19:19+00:00","twitter_card":"summary_large_image","twitter_misc":{"Gesch\u00e4tzte Lesezeit":"2\u00a0Minuten"},"schema":{"@context":"https:\/\/schema.org","@graph":[{"@type":"WebPage","@id":"https:\/\/artgedeck.de\/de_de\/behind-the-scenes-tag-16-die-konflikte\/","url":"https:\/\/artgedeck.de\/de_de\/behind-the-scenes-tag-16-die-konflikte\/","name":"Behind the Scenes - Die Konflikte von Pinky auf artgedeck","isPartOf":{"@id":"https:\/\/artgedeck.de\/#website"},"datePublished":"2026-01-29T09:11:52+00:00","dateModified":"2026-01-29T09:19:19+00:00","description":"ARTgedeck beschreibt am sechzehnten Tag, vorkommende Konflikte und deren Aufl\u00f6sung. Interessiert? Klicke hier!","breadcrumb":{"@id":"https:\/\/artgedeck.de\/de_de\/behind-the-scenes-tag-16-die-konflikte\/#breadcrumb"},"inLanguage":"de","potentialAction":[{"@type":"ReadAction","target":["https:\/\/artgedeck.de\/de_de\/behind-the-scenes-tag-16-die-konflikte\/"]}]},{"@type":"BreadcrumbList","@id":"https:\/\/artgedeck.de\/de_de\/behind-the-scenes-tag-16-die-konflikte\/#breadcrumb","itemListElement":[{"@type":"ListItem","position":1,"name":"Startseite","item":"https:\/\/artgedeck.de\/de_de\/"},{"@type":"ListItem","position":2,"name":"behind-the-scenes-tag-16-die-konflikte"}]},{"@type":"WebSite","@id":"https:\/\/artgedeck.de\/#website","url":"https:\/\/artgedeck.de\/","name":"ARTGedeck","description":"","potentialAction":[{"@type":"SearchAction","target":{"@type":"EntryPoint","urlTemplate":"https:\/\/artgedeck.de\/?s={search_term_string}"},"query-input":{"@type":"PropertyValueSpecification","valueRequired":true,"valueName":"search_term_string"}}],"inLanguage":"de"}]}},"_links":{"self":[{"href":"https:\/\/artgedeck.de\/de_de\/wp-json\/wp\/v2\/pages\/2895","targetHints":{"allow":["GET"]}}],"collection":[{"href":"https:\/\/artgedeck.de\/de_de\/wp-json\/wp\/v2\/pages"}],"about":[{"href":"https:\/\/artgedeck.de\/de_de\/wp-json\/wp\/v2\/types\/page"}],"author":[{"embeddable":true,"href":"https:\/\/artgedeck.de\/de_de\/wp-json\/wp\/v2\/users\/2"}],"replies":[{"embeddable":true,"href":"https:\/\/artgedeck.de\/de_de\/wp-json\/wp\/v2\/comments?post=2895"}],"version-history":[{"count":9,"href":"https:\/\/artgedeck.de\/de_de\/wp-json\/wp\/v2\/pages\/2895\/revisions"}],"predecessor-version":[{"id":2918,"href":"https:\/\/artgedeck.de\/de_de\/wp-json\/wp\/v2\/pages\/2895\/revisions\/2918"}],"wp:attachment":[{"href":"https:\/\/artgedeck.de\/de_de\/wp-json\/wp\/v2\/media?parent=2895"}],"curies":[{"name":"wp","href":"https:\/\/api.w.org\/{rel}","templated":true}]}}